{"id":302,"date":"2025-01-16T07:41:51","date_gmt":"2025-01-16T07:41:51","guid":{"rendered":"http:\/\/speedcraft-marine.de\/?page_id=302"},"modified":"2025-02-12T18:50:08","modified_gmt":"2025-02-12T18:50:08","slug":"th-f-series","status":"publish","type":"page","link":"http:\/\/speedcraft-marine.de\/de\/th-f-series\/","title":{"rendered":"TH-F Series"},"content":{"rendered":"<div data-elementor-type=\"wp-page\" data-elementor-id=\"302\" class=\"elementor elementor-302\" data-elementor-post-type=\"page\">\n\t\t\t\t\t\t<section class=\"elementor-section elementor-top-section elementor-element elementor-element-b870015 elementor-section-height-min-height elementor-section-boxed elementor-section-height-default elementor-section-items-middle\" data-id=\"b870015\" data-element_type=\"section\" data-settings=\"{&quot;background_background&quot;:&quot;classic&quot;}\">\n\t\t\t\t\t\t\t<div class=\"elementor-background-overlay\"><\/div>\n\t\t\t\t\t\t\t<div class=\"elementor-container elementor-column-gap-default\">\n\t\t\t\t\t<div class=\"elementor-column elementor-col-100 elementor-top-column elementor-element elementor-element-d3cb20a\" data-id=\"d3cb20a\" data-element_type=\"column\">\n\t\t\t<div class=\"elementor-widget-wrap elementor-element-populated\">\n\t\t\t\t\t\t<div class=\"elementor-element elementor-element-9ff19de elementor-invisible elementor-widget elementor-widget-heading\" data-id=\"9ff19de\" data-element_type=\"widget\" data-settings=\"{&quot;_animation&quot;:&quot;fadeIn&quot;}\" data-widget_type=\"heading.default\">\n\t\t\t\t<div class=\"elementor-widget-container\">\n\t\t\t\t\t<h2 class=\"elementor-heading-title elementor-size-default\">TH-F Series<\/h2>\t\t\t\t<\/div>\n\t\t\t\t<\/div>\n\t\t\t\t\t<\/div>\n\t\t<\/div>\n\t\t\t\t\t<\/div>\n\t\t<\/section>\n\t\t\t\t<section class=\"elementor-section elementor-top-section elementor-element elementor-element-428167c elementor-section-boxed elementor-section-height-default elementor-section-height-default\" data-id=\"428167c\" data-element_type=\"section\">\n\t\t\t\t\t\t<div class=\"elementor-container elementor-column-gap-default\">\n\t\t\t\t\t<div class=\"elementor-column elementor-col-50 elementor-top-column elementor-element elementor-element-ca76711\" data-id=\"ca76711\" data-element_type=\"column\">\n\t\t\t<div class=\"elementor-widget-wrap elementor-element-populated\">\n\t\t\t\t\t\t<div class=\"elementor-element elementor-element-749528e elementor-widget elementor-widget-image\" data-id=\"749528e\" data-element_type=\"widget\" data-widget_type=\"image.default\">\n\t\t\t\t<div class=\"elementor-widget-container\">\n\t\t\t\t\t\t\t\t\t\t\t\t\t\t\t<img fetchpriority=\"high\" decoding=\"async\" width=\"800\" height=\"488\" src=\"http:\/\/speedcraft-marine.de\/wp-content\/uploads\/2025\/01\/f-series-main-1024x625.jpg\" class=\"attachment-large size-large wp-image-309\" alt=\"\" srcset=\"http:\/\/speedcraft-marine.de\/wp-content\/uploads\/2025\/01\/f-series-main-1024x625.jpg 1024w, http:\/\/speedcraft-marine.de\/wp-content\/uploads\/2025\/01\/f-series-main-300x183.jpg 300w, http:\/\/speedcraft-marine.de\/wp-content\/uploads\/2025\/01\/f-series-main-768x469.jpg 768w, http:\/\/speedcraft-marine.de\/wp-content\/uploads\/2025\/01\/f-series-main.jpg 1122w\" sizes=\"(max-width: 800px) 100vw, 800px\" \/>\t\t\t\t\t\t\t\t\t\t\t\t\t\t\t<\/div>\n\t\t\t\t<\/div>\n\t\t\t\t\t<\/div>\n\t\t<\/div>\n\t\t\t\t<div class=\"elementor-column elementor-col-50 elementor-top-column elementor-element elementor-element-15fc739\" data-id=\"15fc739\" data-element_type=\"column\">\n\t\t\t<div class=\"elementor-widget-wrap elementor-element-populated\">\n\t\t\t\t\t\t<div class=\"elementor-element elementor-element-1de944e elementor-invisible elementor-widget elementor-widget-text-editor\" data-id=\"1de944e\" data-element_type=\"widget\" data-settings=\"{&quot;_animation&quot;:&quot;fadeIn&quot;,&quot;_animation_delay&quot;:400}\" data-widget_type=\"text-editor.default\">\n\t\t\t\t<div class=\"elementor-widget-container\">\n\t\t\t\t\t\t\t\t\t<p>Ein Aluminiumlegierungs-Fischboot, das f\u00fcr K\u00fcstenerlebnisse an der Westk\u00fcste Nordamerikas entwickelt wurde. Die einzigartige nach vorne geneigte Windschutzscheibe und das Dach bieten hervorragenden Schutz vor direkter UV-Strahlung und gew\u00e4hrleisten Komfort an langen Tagen auf dem Wasser. Das stilvolle Design des Sonnenschutzdachs und der glatte Rumpf verbessern sowohl die \u00c4sthetik als auch die Leistung. Gebaut f\u00fcr Stabilit\u00e4t und Langlebigkeit, ist die F-Serie perfekt f\u00fcr Angelfreunde, die Zuverl\u00e4ssigkeit und Effizienz suchen. Mit gro\u00dfz\u00fcgigem Stauraum und durchdachten Innenr\u00e4umen bietet es sowohl Funktionalit\u00e4t als auch Komfort f\u00fcr jede Angeltour.<\/p>\t\t\t\t\t\t\t\t<\/div>\n\t\t\t\t<\/div>\n\t\t\t\t\t<\/div>\n\t\t<\/div>\n\t\t\t\t\t<\/div>\n\t\t<\/section>\n\t\t\t\t<section class=\"elementor-section elementor-top-section elementor-element elementor-element-d23c23c elementor-section-boxed elementor-section-height-default elementor-section-height-default\" data-id=\"d23c23c\" data-element_type=\"section\">\n\t\t\t\t\t\t<div class=\"elementor-container elementor-column-gap-default\">\n\t\t\t\t\t<div class=\"elementor-column elementor-col-25 elementor-top-column elementor-element elementor-element-4fca9cd\" data-id=\"4fca9cd\" data-element_type=\"column\">\n\t\t\t<div class=\"elementor-widget-wrap elementor-element-populated\">\n\t\t\t\t\t\t<div class=\"elementor-element elementor-element-12998b4 elementor-invisible elementor-widget elementor-widget-heading\" data-id=\"12998b4\" data-element_type=\"widget\" data-settings=\"{&quot;_animation&quot;:&quot;fadeIn&quot;}\" data-widget_type=\"heading.default\">\n\t\t\t\t<div class=\"elementor-widget-container\">\n\t\t\t\t\t<h2 class=\"elementor-heading-title elementor-size-default\">TH-F580<\/h2>\t\t\t\t<\/div>\n\t\t\t\t<\/div>\n\t\t\t\t<div class=\"elementor-element elementor-element-27c8d66 elementor-widget elementor-widget-image\" data-id=\"27c8d66\" data-element_type=\"widget\" data-widget_type=\"image.default\">\n\t\t\t\t<div class=\"elementor-widget-container\">\n\t\t\t\t\t\t\t\t\t\t\t\t\t\t\t<img decoding=\"async\" width=\"180\" height=\"164\" src=\"http:\/\/speedcraft-marine.de\/wp-content\/uploads\/2025\/01\/thf580_bp.jpg\" class=\"attachment-large size-large wp-image-354\" alt=\"\" \/>\t\t\t\t\t\t\t\t\t\t\t\t\t\t\t<\/div>\n\t\t\t\t<\/div>\n\t\t\t\t\t<\/div>\n\t\t<\/div>\n\t\t\t\t<div class=\"elementor-column elementor-col-25 elementor-top-column elementor-element elementor-element-3bffb68\" data-id=\"3bffb68\" data-element_type=\"column\">\n\t\t\t<div class=\"elementor-widget-wrap elementor-element-populated\">\n\t\t\t\t\t\t<div class=\"elementor-element elementor-element-933d46a elementor-invisible elementor-widget elementor-widget-heading\" data-id=\"933d46a\" data-element_type=\"widget\" data-settings=\"{&quot;_animation&quot;:&quot;fadeIn&quot;}\" data-widget_type=\"heading.default\">\n\t\t\t\t<div class=\"elementor-widget-container\">\n\t\t\t\t\t<h2 class=\"elementor-heading-title elementor-size-default\">TH-F650<\/h2>\t\t\t\t<\/div>\n\t\t\t\t<\/div>\n\t\t\t\t<div class=\"elementor-element elementor-element-9060b87 elementor-widget elementor-widget-image\" data-id=\"9060b87\" data-element_type=\"widget\" data-widget_type=\"image.default\">\n\t\t\t\t<div class=\"elementor-widget-container\">\n\t\t\t\t\t\t\t\t\t\t\t\t\t\t\t<img decoding=\"async\" width=\"180\" height=\"164\" src=\"http:\/\/speedcraft-marine.de\/wp-content\/uploads\/2025\/01\/thf650_bp.jpg\" class=\"attachment-large size-large wp-image-353\" alt=\"\" \/>\t\t\t\t\t\t\t\t\t\t\t\t\t\t\t<\/div>\n\t\t\t\t<\/div>\n\t\t\t\t\t<\/div>\n\t\t<\/div>\n\t\t\t\t<div class=\"elementor-column elementor-col-25 elementor-top-column elementor-element elementor-element-d004005\" data-id=\"d004005\" data-element_type=\"column\">\n\t\t\t<div class=\"elementor-widget-wrap elementor-element-populated\">\n\t\t\t\t\t\t<div class=\"elementor-element elementor-element-f3aa5a9 elementor-invisible elementor-widget elementor-widget-heading\" data-id=\"f3aa5a9\" data-element_type=\"widget\" data-settings=\"{&quot;_animation&quot;:&quot;fadeIn&quot;}\" data-widget_type=\"heading.default\">\n\t\t\t\t<div class=\"elementor-widget-container\">\n\t\t\t\t\t<h2 class=\"elementor-heading-title elementor-size-default\">TH-F685<\/h2>\t\t\t\t<\/div>\n\t\t\t\t<\/div>\n\t\t\t\t<div class=\"elementor-element elementor-element-ebd7899 elementor-widget elementor-widget-image\" data-id=\"ebd7899\" data-element_type=\"widget\" data-widget_type=\"image.default\">\n\t\t\t\t<div class=\"elementor-widget-container\">\n\t\t\t\t\t\t\t\t\t\t\t\t\t\t\t<img loading=\"lazy\" decoding=\"async\" width=\"180\" height=\"164\" src=\"http:\/\/speedcraft-marine.de\/wp-content\/uploads\/2025\/01\/thf685_bp.jpg\" class=\"attachment-large size-large wp-image-352\" alt=\"\" \/>\t\t\t\t\t\t\t\t\t\t\t\t\t\t\t<\/div>\n\t\t\t\t<\/div>\n\t\t\t\t\t<\/div>\n\t\t<\/div>\n\t\t\t\t<div class=\"elementor-column elementor-col-25 elementor-top-column elementor-element elementor-element-845d62a\" data-id=\"845d62a\" data-element_type=\"column\">\n\t\t\t<div class=\"elementor-widget-wrap elementor-element-populated\">\n\t\t\t\t\t\t<div class=\"elementor-element elementor-element-12f95d5 elementor-invisible elementor-widget elementor-widget-heading\" data-id=\"12f95d5\" data-element_type=\"widget\" data-settings=\"{&quot;_animation&quot;:&quot;fadeIn&quot;}\" data-widget_type=\"heading.default\">\n\t\t\t\t<div class=\"elementor-widget-container\">\n\t\t\t\t\t<h2 class=\"elementor-heading-title elementor-size-default\">TH-F750<\/h2>\t\t\t\t<\/div>\n\t\t\t\t<\/div>\n\t\t\t\t<div class=\"elementor-element elementor-element-1a04151 elementor-widget elementor-widget-image\" data-id=\"1a04151\" data-element_type=\"widget\" data-widget_type=\"image.default\">\n\t\t\t\t<div class=\"elementor-widget-container\">\n\t\t\t\t\t\t\t\t\t\t\t\t\t\t\t<img loading=\"lazy\" decoding=\"async\" width=\"202\" height=\"164\" src=\"http:\/\/speedcraft-marine.de\/wp-content\/uploads\/2025\/01\/thf750_bp.jpg\" class=\"attachment-large size-large wp-image-351\" alt=\"\" \/>\t\t\t\t\t\t\t\t\t\t\t\t\t\t\t<\/div>\n\t\t\t\t<\/div>\n\t\t\t\t\t<\/div>\n\t\t<\/div>\n\t\t\t\t\t<\/div>\n\t\t<\/section>\n\t\t\t\t<section class=\"elementor-section elementor-top-section elementor-element elementor-element-3c8979c elementor-section-boxed elementor-section-height-default elementor-section-height-default\" data-id=\"3c8979c\" data-element_type=\"section\">\n\t\t\t\t\t\t<div class=\"elementor-container elementor-column-gap-default\">\n\t\t\t\t\t<div class=\"elementor-column elementor-col-100 elementor-top-column elementor-element elementor-element-4b1804c\" data-id=\"4b1804c\" data-element_type=\"column\">\n\t\t\t<div class=\"elementor-widget-wrap elementor-element-populated\">\n\t\t\t\t\t\t<div class=\"elementor-element elementor-element-3b6a7a8 elementor-widget elementor-widget-image\" data-id=\"3b6a7a8\" data-element_type=\"widget\" data-widget_type=\"image.default\">\n\t\t\t\t<div class=\"elementor-widget-container\">\n\t\t\t\t\t\t\t\t\t\t\t\t\t\t\t<img loading=\"lazy\" decoding=\"async\" width=\"751\" height=\"83\" src=\"http:\/\/speedcraft-marine.de\/wp-content\/uploads\/2025\/01\/thf_colors.jpg\" class=\"attachment-large size-large wp-image-349\" alt=\"\" srcset=\"http:\/\/speedcraft-marine.de\/wp-content\/uploads\/2025\/01\/thf_colors.jpg 751w, http:\/\/speedcraft-marine.de\/wp-content\/uploads\/2025\/01\/thf_colors-300x33.jpg 300w\" sizes=\"(max-width: 751px) 100vw, 751px\" \/>\t\t\t\t\t\t\t\t\t\t\t\t\t\t\t<\/div>\n\t\t\t\t<\/div>\n\t\t\t\t\t<\/div>\n\t\t<\/div>\n\t\t\t\t\t<\/div>\n\t\t<\/section>\n\t\t\t\t<section class=\"elementor-section elementor-top-section elementor-element elementor-element-a9de97b elementor-section-boxed elementor-section-height-default elementor-section-height-default\" data-id=\"a9de97b\" data-element_type=\"section\">\n\t\t\t\t\t\t<div class=\"elementor-container elementor-column-gap-default\">\n\t\t\t\t\t<div class=\"elementor-column elementor-col-100 elementor-top-column elementor-element elementor-element-d8318aa\" data-id=\"d8318aa\" data-element_type=\"column\">\n\t\t\t<div class=\"elementor-widget-wrap elementor-element-populated\">\n\t\t\t\t\t\t<div class=\"elementor-element elementor-element-ddba3fd elementor-widget elementor-widget-elementskit-tablepress\" data-id=\"ddba3fd\" data-element_type=\"widget\" data-widget_type=\"elementskit-tablepress.default\">\n\t\t\t\t<div class=\"elementor-widget-container\">\n\t\t\t\t\t<div class=\"elemenetskit-tablepress ekit-wid-con\" id=\"ekit_tablepress_ddba3fd\">\n<table id=\"tablepress-1\" class=\"tablepress tablepress-id-1\">\n<thead>\n<tr class=\"row-1\">\n\t<th class=\"column-1\">Modell<\/th><th class=\"column-2\"><strong>TH-F 580<\/strong><\/th><th class=\"column-3\"><strong>TH-F 650<\/strong><\/th><th class=\"column-4\"><strong>TH-F 685<\/strong><\/th><th class=\"column-5\"><strong>TH-F 750<\/strong><\/th>\n<\/tr>\n<\/thead>\n<tbody class=\"row-striping row-hover\">\n<tr class=\"row-2\">\n\t<td class=\"column-1\">L\u00e4nge<\/td><td class=\"column-2\">5.80 m<\/td><td class=\"column-3\">6.25 m<\/td><td class=\"column-4\">6.85 m<\/td><td class=\"column-5\">7.50 m<\/td>\n<\/tr>\n<tr class=\"row-3\">\n\t<td class=\"column-1\">Width<\/td><td class=\"column-2\">2.30m<\/td><td class=\"column-3\">2.30m<\/td><td class=\"column-4\">2.30m<\/td><td class=\"column-5\">2.30m<\/td>\n<\/tr>\n<tr class=\"row-4\">\n\t<td class=\"column-1\">Vollbeladene Verdr\u00e4ngung<\/td><td class=\"column-2\">2.10 t<\/td><td class=\"column-3\">2.10 t<\/td><td class=\"column-4\">2.10 t<\/td><td class=\"column-5\">2.10 t<\/td>\n<\/tr>\n<tr class=\"row-5\">\n\t<td class=\"column-1\">Motor<\/td><td class=\"column-2\">1x150 hp<\/td><td class=\"column-3\">1x150 hp<\/td><td class=\"column-4\">1x150 hp<\/td><td class=\"column-5\">1x150 hp<\/td>\n<\/tr>\n<tr class=\"row-6\">\n\t<td class=\"column-1\">Passagiere<\/td><td class=\"column-2\">7<\/td><td class=\"column-3\">7<\/td><td class=\"column-4\">7<\/td><td class=\"column-5\">7<\/td>\n<\/tr>\n<tr class=\"row-7\">\n\t<td class=\"column-1\">Geschwindigkeit<\/td><td class=\"column-2\">32 kn<\/td><td class=\"column-3\">32 kn<\/td><td class=\"column-4\">32 kn<\/td><td class=\"column-5\">32 kn<\/td>\n<\/tr>\n<tr class=\"row-8\">\n\t<td class=\"column-1\">Zertifikat<\/td><td class=\"column-2\">CE<\/td><td class=\"column-3\">CE<\/td><td class=\"column-4\">CE<\/td><td class=\"column-5\">CE<\/td>\n<\/tr>\n<\/tbody>\n<\/table>\n<!-- #tablepress-1 from cache --><\/div>\t\t\t\t<\/div>\n\t\t\t\t<\/div>\n\t\t\t\t\t<\/div>\n\t\t<\/div>\n\t\t\t\t\t<\/div>\n\t\t<\/section>\n\t\t\t\t<\/div>","protected":false},"excerpt":{"rendered":"<p>An aluminum alloy fishing boat designed for coastal adventures along the west coast of North America. The unique forward-sloping windshield and roof provide excellent protection from direct UV rays, ensuring comfort during long days on the water. Its stylish canopy design and smooth hull streamline enhance both aesthetics and performance. Built for stability and durability, [&hellip;]<\/p>","protected":false},"author":1,"featured_media":0,"parent":0,"menu_order":0,"comment_status":"closed","ping_status":"closed","template":"","meta":{"footnotes":""},"class_list":["post-302","page","type-page","status-publish","hentry"],"_links":{"self":[{"href":"http:\/\/speedcraft-marine.de\/de\/wp-json\/wp\/v2\/pages\/302","targetHints":{"allow":["GET"]}}],"collection":[{"href":"http:\/\/speedcraft-marine.de\/de\/wp-json\/wp\/v2\/pages"}],"about":[{"href":"http:\/\/speedcraft-marine.de\/de\/wp-json\/wp\/v2\/types\/page"}],"author":[{"embeddable":true,"href":"http:\/\/speedcraft-marine.de\/de\/wp-json\/wp\/v2\/users\/1"}],"replies":[{"embeddable":true,"href":"http:\/\/speedcraft-marine.de\/de\/wp-json\/wp\/v2\/comments?post=302"}],"version-history":[{"count":55,"href":"http:\/\/speedcraft-marine.de\/de\/wp-json\/wp\/v2\/pages\/302\/revisions"}],"predecessor-version":[{"id":803,"href":"http:\/\/speedcraft-marine.de\/de\/wp-json\/wp\/v2\/pages\/302\/revisions\/803"}],"wp:attachment":[{"href":"http:\/\/speedcraft-marine.de\/de\/wp-json\/wp\/v2\/media?parent=302"}],"curies":[{"name":"wp","href":"https:\/\/api.w.org\/{rel}","templated":true}]}}