{"id":313,"date":"2025-01-16T07:48:39","date_gmt":"2025-01-16T07:48:39","guid":{"rendered":"http:\/\/speedcraft-marine.de\/?page_id=313"},"modified":"2025-02-12T18:51:06","modified_gmt":"2025-02-12T18:51:06","slug":"th-b-series","status":"publish","type":"page","link":"http:\/\/speedcraft-marine.de\/de\/th-b-series\/","title":{"rendered":"TH-B Series"},"content":{"rendered":"<div data-elementor-type=\"wp-page\" data-elementor-id=\"313\" class=\"elementor elementor-313\" data-elementor-post-type=\"page\">\n\t\t\t\t\t\t<section class=\"elementor-section elementor-top-section elementor-element elementor-element-b870015 elementor-section-height-min-height elementor-section-boxed elementor-section-height-default elementor-section-items-middle\" data-id=\"b870015\" data-element_type=\"section\" data-settings=\"{&quot;background_background&quot;:&quot;classic&quot;}\">\n\t\t\t\t\t\t\t<div class=\"elementor-background-overlay\"><\/div>\n\t\t\t\t\t\t\t<div class=\"elementor-container elementor-column-gap-default\">\n\t\t\t\t\t<div class=\"elementor-column elementor-col-100 elementor-top-column elementor-element elementor-element-d3cb20a\" data-id=\"d3cb20a\" data-element_type=\"column\">\n\t\t\t<div class=\"elementor-widget-wrap elementor-element-populated\">\n\t\t\t\t\t\t<div class=\"elementor-element elementor-element-9ff19de elementor-invisible elementor-widget elementor-widget-heading\" data-id=\"9ff19de\" data-element_type=\"widget\" data-settings=\"{&quot;_animation&quot;:&quot;fadeIn&quot;}\" data-widget_type=\"heading.default\">\n\t\t\t\t<div class=\"elementor-widget-container\">\n\t\t\t\t\t<h2 class=\"elementor-heading-title elementor-size-default\">TH-B Series<\/h2>\t\t\t\t<\/div>\n\t\t\t\t<\/div>\n\t\t\t\t\t<\/div>\n\t\t<\/div>\n\t\t\t\t\t<\/div>\n\t\t<\/section>\n\t\t\t\t<section class=\"elementor-section elementor-top-section elementor-element elementor-element-428167c elementor-section-boxed elementor-section-height-default elementor-section-height-default\" data-id=\"428167c\" data-element_type=\"section\">\n\t\t\t\t\t\t<div class=\"elementor-container elementor-column-gap-default\">\n\t\t\t\t\t<div class=\"elementor-column elementor-col-50 elementor-top-column elementor-element elementor-element-ca76711\" data-id=\"ca76711\" data-element_type=\"column\">\n\t\t\t<div class=\"elementor-widget-wrap elementor-element-populated\">\n\t\t\t\t\t\t<div class=\"elementor-element elementor-element-749528e elementor-widget elementor-widget-image\" data-id=\"749528e\" data-element_type=\"widget\" data-widget_type=\"image.default\">\n\t\t\t\t<div class=\"elementor-widget-container\">\n\t\t\t\t\t\t\t\t\t\t\t\t\t\t\t<img fetchpriority=\"high\" decoding=\"async\" width=\"800\" height=\"487\" src=\"http:\/\/speedcraft-marine.de\/wp-content\/uploads\/2025\/01\/b-series.jpg\" class=\"attachment-large size-large wp-image-259\" alt=\"\" srcset=\"http:\/\/speedcraft-marine.de\/wp-content\/uploads\/2025\/01\/b-series.jpg 917w, http:\/\/speedcraft-marine.de\/wp-content\/uploads\/2025\/01\/b-series-300x183.jpg 300w, http:\/\/speedcraft-marine.de\/wp-content\/uploads\/2025\/01\/b-series-768x467.jpg 768w\" sizes=\"(max-width: 800px) 100vw, 800px\" \/>\t\t\t\t\t\t\t\t\t\t\t\t\t\t\t<\/div>\n\t\t\t\t<\/div>\n\t\t\t\t\t<\/div>\n\t\t<\/div>\n\t\t\t\t<div class=\"elementor-column elementor-col-50 elementor-top-column elementor-element elementor-element-15fc739\" data-id=\"15fc739\" data-element_type=\"column\">\n\t\t\t<div class=\"elementor-widget-wrap elementor-element-populated\">\n\t\t\t\t\t\t<div class=\"elementor-element elementor-element-1de944e elementor-invisible elementor-widget elementor-widget-text-editor\" data-id=\"1de944e\" data-element_type=\"widget\" data-settings=\"{&quot;_animation&quot;:&quot;fadeIn&quot;,&quot;_animation_delay&quot;:400}\" data-widget_type=\"text-editor.default\">\n\t\t\t\t<div class=\"elementor-widget-container\">\n\t\t\t\t\t\t\t\t\t<p>Die B-Serie ist f\u00fcr Vielseitigkeit und Leistung konstruiert und die ideale Wahl f\u00fcr Binnengew\u00e4sser und ruhige K\u00fcstenangelgebiete. Hergestellt aus langlebiger Aluminiumlegierung, verf\u00fcgt dieses Boot \u00fcber einen schlanken, V-f\u00f6rmigen Rumpf, der f\u00fcr au\u00dfergew\u00f6hnliche Stabilit\u00e4t und verringerte Wasserwiderstand sorgt. Die ger\u00e4umige, ergonomische Anordnung gew\u00e4hrleistet Komfort und Praktikabilit\u00e4t, w\u00e4hrend das sch\u00fctzende Sonnendach Schatten und Schutz f\u00fcr den Ganzjahreseinsatz bietet. Ob beim Angeln, Jagen oder einfach bei einem Tag auf dem Wasser, die B-Serie kombiniert St\u00e4rke, Stil und Funktionalit\u00e4t, um all Ihre Bootsbed\u00fcrfnisse zu erf\u00fcllen.<\/p>\t\t\t\t\t\t\t\t<\/div>\n\t\t\t\t<\/div>\n\t\t\t\t\t<\/div>\n\t\t<\/div>\n\t\t\t\t\t<\/div>\n\t\t<\/section>\n\t\t\t\t<section class=\"elementor-section elementor-top-section elementor-element elementor-element-b04537c elementor-section-boxed elementor-section-height-default elementor-section-height-default\" data-id=\"b04537c\" data-element_type=\"section\">\n\t\t\t\t\t\t<div class=\"elementor-container elementor-column-gap-default\">\n\t\t\t\t\t<div class=\"elementor-column elementor-col-25 elementor-top-column elementor-element elementor-element-cb9d3d4\" data-id=\"cb9d3d4\" data-element_type=\"column\">\n\t\t\t<div class=\"elementor-widget-wrap elementor-element-populated\">\n\t\t\t\t\t\t<div class=\"elementor-element elementor-element-b1481b9 elementor-invisible elementor-widget elementor-widget-heading\" data-id=\"b1481b9\" data-element_type=\"widget\" data-settings=\"{&quot;_animation&quot;:&quot;fadeIn&quot;}\" data-widget_type=\"heading.default\">\n\t\t\t\t<div class=\"elementor-widget-container\">\n\t\t\t\t\t<h2 class=\"elementor-heading-title elementor-size-default\">TH-B580<\/h2>\t\t\t\t<\/div>\n\t\t\t\t<\/div>\n\t\t\t\t<div class=\"elementor-element elementor-element-4fece26 elementor-widget elementor-widget-image\" data-id=\"4fece26\" data-element_type=\"widget\" data-widget_type=\"image.default\">\n\t\t\t\t<div class=\"elementor-widget-container\">\n\t\t\t\t\t\t\t\t\t\t\t\t\t\t\t<img decoding=\"async\" width=\"195\" height=\"165\" src=\"http:\/\/speedcraft-marine.de\/wp-content\/uploads\/2025\/01\/thb580_bp.jpg\" class=\"attachment-large size-large wp-image-438\" alt=\"\" \/>\t\t\t\t\t\t\t\t\t\t\t\t\t\t\t<\/div>\n\t\t\t\t<\/div>\n\t\t\t\t\t<\/div>\n\t\t<\/div>\n\t\t\t\t<div class=\"elementor-column elementor-col-25 elementor-top-column elementor-element elementor-element-c6d9e07\" data-id=\"c6d9e07\" data-element_type=\"column\">\n\t\t\t<div class=\"elementor-widget-wrap elementor-element-populated\">\n\t\t\t\t\t\t<div class=\"elementor-element elementor-element-0d35600 elementor-invisible elementor-widget elementor-widget-heading\" data-id=\"0d35600\" data-element_type=\"widget\" data-settings=\"{&quot;_animation&quot;:&quot;fadeIn&quot;}\" data-widget_type=\"heading.default\">\n\t\t\t\t<div class=\"elementor-widget-container\">\n\t\t\t\t\t<h2 class=\"elementor-heading-title elementor-size-default\">TH-B650<\/h2>\t\t\t\t<\/div>\n\t\t\t\t<\/div>\n\t\t\t\t<div class=\"elementor-element elementor-element-23532dc elementor-widget elementor-widget-image\" data-id=\"23532dc\" data-element_type=\"widget\" data-widget_type=\"image.default\">\n\t\t\t\t<div class=\"elementor-widget-container\">\n\t\t\t\t\t\t\t\t\t\t\t\t\t\t\t<img decoding=\"async\" width=\"195\" height=\"165\" src=\"http:\/\/speedcraft-marine.de\/wp-content\/uploads\/2025\/01\/thb650_bp.jpg\" class=\"attachment-large size-large wp-image-437\" alt=\"\" \/>\t\t\t\t\t\t\t\t\t\t\t\t\t\t\t<\/div>\n\t\t\t\t<\/div>\n\t\t\t\t\t<\/div>\n\t\t<\/div>\n\t\t\t\t<div class=\"elementor-column elementor-col-25 elementor-top-column elementor-element elementor-element-6777109\" data-id=\"6777109\" data-element_type=\"column\">\n\t\t\t<div class=\"elementor-widget-wrap elementor-element-populated\">\n\t\t\t\t\t\t<div class=\"elementor-element elementor-element-d423372 elementor-invisible elementor-widget elementor-widget-heading\" data-id=\"d423372\" data-element_type=\"widget\" data-settings=\"{&quot;_animation&quot;:&quot;fadeIn&quot;}\" data-widget_type=\"heading.default\">\n\t\t\t\t<div class=\"elementor-widget-container\">\n\t\t\t\t\t<h2 class=\"elementor-heading-title elementor-size-default\">TH-B685<\/h2>\t\t\t\t<\/div>\n\t\t\t\t<\/div>\n\t\t\t\t<div class=\"elementor-element elementor-element-7974319 elementor-widget elementor-widget-image\" data-id=\"7974319\" data-element_type=\"widget\" data-widget_type=\"image.default\">\n\t\t\t\t<div class=\"elementor-widget-container\">\n\t\t\t\t\t\t\t\t\t\t\t\t\t\t\t<img loading=\"lazy\" decoding=\"async\" width=\"195\" height=\"165\" src=\"http:\/\/speedcraft-marine.de\/wp-content\/uploads\/2025\/01\/thb685_bp.jpg\" class=\"attachment-large size-large wp-image-436\" alt=\"\" \/>\t\t\t\t\t\t\t\t\t\t\t\t\t\t\t<\/div>\n\t\t\t\t<\/div>\n\t\t\t\t\t<\/div>\n\t\t<\/div>\n\t\t\t\t<div class=\"elementor-column elementor-col-25 elementor-top-column elementor-element elementor-element-66c6719\" data-id=\"66c6719\" data-element_type=\"column\">\n\t\t\t<div class=\"elementor-widget-wrap elementor-element-populated\">\n\t\t\t\t\t\t<div class=\"elementor-element elementor-element-8e4f1f2 elementor-invisible elementor-widget elementor-widget-heading\" data-id=\"8e4f1f2\" data-element_type=\"widget\" data-settings=\"{&quot;_animation&quot;:&quot;fadeIn&quot;}\" data-widget_type=\"heading.default\">\n\t\t\t\t<div class=\"elementor-widget-container\">\n\t\t\t\t\t<h2 class=\"elementor-heading-title elementor-size-default\">TH-B750<\/h2>\t\t\t\t<\/div>\n\t\t\t\t<\/div>\n\t\t\t\t<div class=\"elementor-element elementor-element-b0d7fcb elementor-widget elementor-widget-image\" data-id=\"b0d7fcb\" data-element_type=\"widget\" data-widget_type=\"image.default\">\n\t\t\t\t<div class=\"elementor-widget-container\">\n\t\t\t\t\t\t\t\t\t\t\t\t\t\t\t<img loading=\"lazy\" decoding=\"async\" width=\"209\" height=\"165\" src=\"http:\/\/speedcraft-marine.de\/wp-content\/uploads\/2025\/01\/thb750_bp.jpg\" class=\"attachment-large size-large wp-image-435\" alt=\"\" \/>\t\t\t\t\t\t\t\t\t\t\t\t\t\t\t<\/div>\n\t\t\t\t<\/div>\n\t\t\t\t\t<\/div>\n\t\t<\/div>\n\t\t\t\t\t<\/div>\n\t\t<\/section>\n\t\t\t\t<section class=\"elementor-section elementor-top-section elementor-element elementor-element-3d03c24 elementor-section-boxed elementor-section-height-default elementor-section-height-default\" data-id=\"3d03c24\" data-element_type=\"section\">\n\t\t\t\t\t\t<div class=\"elementor-container elementor-column-gap-default\">\n\t\t\t\t\t<div class=\"elementor-column elementor-col-100 elementor-top-column elementor-element elementor-element-4e550bb\" data-id=\"4e550bb\" data-element_type=\"column\">\n\t\t\t<div class=\"elementor-widget-wrap elementor-element-populated\">\n\t\t\t\t\t\t<div class=\"elementor-element elementor-element-b74cb18 elementor-widget elementor-widget-image\" data-id=\"b74cb18\" data-element_type=\"widget\" data-widget_type=\"image.default\">\n\t\t\t\t<div class=\"elementor-widget-container\">\n\t\t\t\t\t\t\t\t\t\t\t\t\t\t\t<img loading=\"lazy\" decoding=\"async\" width=\"736\" height=\"83\" src=\"http:\/\/speedcraft-marine.de\/wp-content\/uploads\/2025\/01\/thb_colors.jpg\" class=\"attachment-large size-large wp-image-434\" alt=\"\" srcset=\"http:\/\/speedcraft-marine.de\/wp-content\/uploads\/2025\/01\/thb_colors.jpg 736w, http:\/\/speedcraft-marine.de\/wp-content\/uploads\/2025\/01\/thb_colors-300x34.jpg 300w\" sizes=\"(max-width: 736px) 100vw, 736px\" \/>\t\t\t\t\t\t\t\t\t\t\t\t\t\t\t<\/div>\n\t\t\t\t<\/div>\n\t\t\t\t\t<\/div>\n\t\t<\/div>\n\t\t\t\t\t<\/div>\n\t\t<\/section>\n\t\t\t\t<section class=\"elementor-section elementor-top-section elementor-element elementor-element-3efe61a elementor-section-boxed elementor-section-height-default elementor-section-height-default\" data-id=\"3efe61a\" data-element_type=\"section\">\n\t\t\t\t\t\t<div class=\"elementor-container elementor-column-gap-default\">\n\t\t\t\t\t<div class=\"elementor-column elementor-col-100 elementor-top-column elementor-element elementor-element-aa04cc0\" data-id=\"aa04cc0\" data-element_type=\"column\">\n\t\t\t<div class=\"elementor-widget-wrap elementor-element-populated\">\n\t\t\t\t\t\t<div class=\"elementor-element elementor-element-b1aaf24 elementor-widget elementor-widget-elementskit-tablepress\" data-id=\"b1aaf24\" data-element_type=\"widget\" data-widget_type=\"elementskit-tablepress.default\">\n\t\t\t\t<div class=\"elementor-widget-container\">\n\t\t\t\t\t<div class=\"elemenetskit-tablepress ekit-wid-con\" id=\"ekit_tablepress_b1aaf24\">\n<table id=\"tablepress-2\" class=\"tablepress tablepress-id-2\">\n<thead>\n<tr class=\"row-1\">\n\t<th class=\"column-1\">Modell<\/th><th class=\"column-2\"><strong>TH-B 580<\/strong><\/th><th class=\"column-3\"><strong>TH-B 650<\/strong><\/th><th class=\"column-4\"><strong>TH-B 685<\/strong><\/th><th class=\"column-5\"><strong>TH-B 750<\/strong><\/th>\n<\/tr>\n<\/thead>\n<tbody class=\"row-striping row-hover\">\n<tr class=\"row-2\">\n\t<td class=\"column-1\">L\u00e4nge<\/td><td class=\"column-2\">5.80 m<\/td><td class=\"column-3\">6.25 m<\/td><td class=\"column-4\">6.85 m<\/td><td class=\"column-5\">7.50 m<\/td>\n<\/tr>\n<tr class=\"row-3\">\n\t<td class=\"column-1\">Width<\/td><td class=\"column-2\">2.30 m<\/td><td class=\"column-3\">2.30 m<\/td><td class=\"column-4\">2.45 m<\/td><td class=\"column-5\">2.45 m<\/td>\n<\/tr>\n<tr class=\"row-4\">\n\t<td class=\"column-1\">Vollbeladene Verdr\u00e4ngung<\/td><td class=\"column-2\">2.10 t<\/td><td class=\"column-3\">2.36 t<\/td><td class=\"column-4\">2.90 t<\/td><td class=\"column-5\">3.20 t<\/td>\n<\/tr>\n<tr class=\"row-5\">\n\t<td class=\"column-1\">Motor<\/td><td class=\"column-2\">1x150 hp<\/td><td class=\"column-3\">1x150 hp<\/td><td class=\"column-4\">1x200 hp<\/td><td class=\"column-5\">1x150 hp<\/td>\n<\/tr>\n<tr class=\"row-6\">\n\t<td class=\"column-1\">Passagiere<\/td><td class=\"column-2\">7<\/td><td class=\"column-3\">8<\/td><td class=\"column-4\">8<\/td><td class=\"column-5\">10<\/td>\n<\/tr>\n<tr class=\"row-7\">\n\t<td class=\"column-1\">Geschwindigkeit<\/td><td class=\"column-2\">32 kn<\/td><td class=\"column-3\">30 kn<\/td><td class=\"column-4\">30 kn<\/td><td class=\"column-5\">34 kn<\/td>\n<\/tr>\n<tr class=\"row-8\">\n\t<td class=\"column-1\">Zertifikat<\/td><td class=\"column-2\">CE<\/td><td class=\"column-3\">CE<\/td><td class=\"column-4\">CE<\/td><td class=\"column-5\">CE<\/td>\n<\/tr>\n<\/tbody>\n<\/table>\n<!-- #tablepress-2 from cache --><\/div>\t\t\t\t<\/div>\n\t\t\t\t<\/div>\n\t\t\t\t\t<\/div>\n\t\t<\/div>\n\t\t\t\t\t<\/div>\n\t\t<\/section>\n\t\t\t\t<\/div>","protected":false},"excerpt":{"rendered":"<p>The B Series is crafted for versatility and performance, making it the ideal choice for inland waterways and calm coastal fishing. Built from durable aluminum alloy, this boat features a sleek, V-shaped hull designed for exceptional stability and reduced water resistance. The spacious, ergonomic layout ensures comfort and practicality, while the protective canopy offers shade [&hellip;]<\/p>","protected":false},"author":1,"featured_media":0,"parent":0,"menu_order":0,"comment_status":"closed","ping_status":"closed","template":"elementor_header_footer","meta":{"footnotes":""},"class_list":["post-313","page","type-page","status-publish","hentry"],"_links":{"self":[{"href":"http:\/\/speedcraft-marine.de\/de\/wp-json\/wp\/v2\/pages\/313","targetHints":{"allow":["GET"]}}],"collection":[{"href":"http:\/\/speedcraft-marine.de\/de\/wp-json\/wp\/v2\/pages"}],"about":[{"href":"http:\/\/speedcraft-marine.de\/de\/wp-json\/wp\/v2\/types\/page"}],"author":[{"embeddable":true,"href":"http:\/\/speedcraft-marine.de\/de\/wp-json\/wp\/v2\/users\/1"}],"replies":[{"embeddable":true,"href":"http:\/\/speedcraft-marine.de\/de\/wp-json\/wp\/v2\/comments?post=313"}],"version-history":[{"count":19,"href":"http:\/\/speedcraft-marine.de\/de\/wp-json\/wp\/v2\/pages\/313\/revisions"}],"predecessor-version":[{"id":806,"href":"http:\/\/speedcraft-marine.de\/de\/wp-json\/wp\/v2\/pages\/313\/revisions\/806"}],"wp:attachment":[{"href":"http:\/\/speedcraft-marine.de\/de\/wp-json\/wp\/v2\/media?parent=313"}],"curies":[{"name":"wp","href":"https:\/\/api.w.org\/{rel}","templated":true}]}}