{"id":324,"date":"2025-01-16T08:01:20","date_gmt":"2025-01-16T08:01:20","guid":{"rendered":"http:\/\/speedcraft-marine.de\/?page_id=324"},"modified":"2025-02-12T18:54:00","modified_gmt":"2025-02-12T18:54:00","slug":"lh-series","status":"publish","type":"page","link":"http:\/\/speedcraft-marine.de\/de\/lh-series\/","title":{"rendered":"LH Series"},"content":{"rendered":"<div data-elementor-type=\"wp-page\" data-elementor-id=\"324\" class=\"elementor elementor-324\" data-elementor-post-type=\"page\">\n\t\t\t\t\t\t<section class=\"elementor-section elementor-top-section elementor-element elementor-element-b870015 elementor-section-height-min-height elementor-section-boxed elementor-section-height-default elementor-section-items-middle\" data-id=\"b870015\" data-element_type=\"section\" data-settings=\"{&quot;background_background&quot;:&quot;classic&quot;}\">\n\t\t\t\t\t\t\t<div class=\"elementor-background-overlay\"><\/div>\n\t\t\t\t\t\t\t<div class=\"elementor-container elementor-column-gap-default\">\n\t\t\t\t\t<div class=\"elementor-column elementor-col-100 elementor-top-column elementor-element elementor-element-d3cb20a\" data-id=\"d3cb20a\" data-element_type=\"column\">\n\t\t\t<div class=\"elementor-widget-wrap elementor-element-populated\">\n\t\t\t\t\t\t<div class=\"elementor-element elementor-element-9ff19de elementor-invisible elementor-widget elementor-widget-heading\" data-id=\"9ff19de\" data-element_type=\"widget\" data-settings=\"{&quot;_animation&quot;:&quot;fadeIn&quot;}\" data-widget_type=\"heading.default\">\n\t\t\t\t<div class=\"elementor-widget-container\">\n\t\t\t\t\t<h2 class=\"elementor-heading-title elementor-size-default\">LH Series<\/h2>\t\t\t\t<\/div>\n\t\t\t\t<\/div>\n\t\t\t\t\t<\/div>\n\t\t<\/div>\n\t\t\t\t\t<\/div>\n\t\t<\/section>\n\t\t\t\t<section class=\"elementor-section elementor-top-section elementor-element elementor-element-428167c elementor-section-boxed elementor-section-height-default elementor-section-height-default\" data-id=\"428167c\" data-element_type=\"section\">\n\t\t\t\t\t\t<div class=\"elementor-container elementor-column-gap-default\">\n\t\t\t\t\t<div class=\"elementor-column elementor-col-50 elementor-top-column elementor-element elementor-element-ca76711\" data-id=\"ca76711\" data-element_type=\"column\">\n\t\t\t<div class=\"elementor-widget-wrap elementor-element-populated\">\n\t\t\t\t\t\t<div class=\"elementor-element elementor-element-749528e elementor-widget elementor-widget-image\" data-id=\"749528e\" data-element_type=\"widget\" data-widget_type=\"image.default\">\n\t\t\t\t<div class=\"elementor-widget-container\">\n\t\t\t\t\t\t\t\t\t\t\t\t\t\t\t<img fetchpriority=\"high\" decoding=\"async\" width=\"800\" height=\"488\" src=\"http:\/\/speedcraft-marine.de\/wp-content\/uploads\/2025\/01\/lh-668-series.jpg\" class=\"attachment-large size-large wp-image-262\" alt=\"\" srcset=\"http:\/\/speedcraft-marine.de\/wp-content\/uploads\/2025\/01\/lh-668-series.jpg 915w, http:\/\/speedcraft-marine.de\/wp-content\/uploads\/2025\/01\/lh-668-series-300x183.jpg 300w, http:\/\/speedcraft-marine.de\/wp-content\/uploads\/2025\/01\/lh-668-series-768x468.jpg 768w\" sizes=\"(max-width: 800px) 100vw, 800px\" \/>\t\t\t\t\t\t\t\t\t\t\t\t\t\t\t<\/div>\n\t\t\t\t<\/div>\n\t\t\t\t\t<\/div>\n\t\t<\/div>\n\t\t\t\t<div class=\"elementor-column elementor-col-50 elementor-top-column elementor-element elementor-element-15fc739\" data-id=\"15fc739\" data-element_type=\"column\">\n\t\t\t<div class=\"elementor-widget-wrap elementor-element-populated\">\n\t\t\t\t\t\t<div class=\"elementor-element elementor-element-2141bcc elementor-widget elementor-widget-heading\" data-id=\"2141bcc\" data-element_type=\"widget\" data-widget_type=\"heading.default\">\n\t\t\t\t<div class=\"elementor-widget-container\">\n\t\t\t\t\t<h2 class=\"elementor-heading-title elementor-size-default\">LH 668<\/h2>\t\t\t\t<\/div>\n\t\t\t\t<\/div>\n\t\t\t\t<div class=\"elementor-element elementor-element-1de944e elementor-invisible elementor-widget elementor-widget-text-editor\" data-id=\"1de944e\" data-element_type=\"widget\" data-settings=\"{&quot;_animation&quot;:&quot;fadeIn&quot;,&quot;_animation_delay&quot;:400}\" data-widget_type=\"text-editor.default\">\n\t\t\t\t<div class=\"elementor-widget-container\">\n\t\t\t\t\t\t\t\t\tDas LH 668 ist ein vielseitiges Aluminiumboot, das sowohl f\u00fcr Freizeit- als auch Sportfischen konzipiert wurde. Seine kompakte Gr\u00f6\u00dfe bietet hervorragende Man\u00f6vrierf\u00e4higkeit und macht es perfekt f\u00fcr die Erkundung enger Wasserstra\u00dfen und flacher Gebiete. Das stromlinienf\u00f6rmige Rumpfdesign sorgt f\u00fcr eine reibungslose Navigation und Kraftstoffeffizienz, w\u00e4hrend das ger\u00e4umige Deck ausreichend Platz f\u00fcr Angelausr\u00fcstung und bequeme Sitzm\u00f6glichkeiten bietet. Mit seiner robusten Bauweise und durchdachten Anordnung ist das LH 668 ideal f\u00fcr diejenigen, die ein zuverl\u00e4ssiges, leicht zu handhabendes Boot f\u00fcr verschiedene Wasserabenteuer suchen.\t\t\t\t\t\t\t\t<\/div>\n\t\t\t\t<\/div>\n\t\t\t\t\t<\/div>\n\t\t<\/div>\n\t\t\t\t\t<\/div>\n\t\t<\/section>\n\t\t\t\t<section class=\"elementor-section elementor-top-section elementor-element elementor-element-866b2d2 elementor-section-boxed elementor-section-height-default elementor-section-height-default\" data-id=\"866b2d2\" data-element_type=\"section\">\n\t\t\t\t\t\t<div class=\"elementor-container elementor-column-gap-default\">\n\t\t\t\t\t<div class=\"elementor-column elementor-col-33 elementor-top-column elementor-element elementor-element-b8cc383\" data-id=\"b8cc383\" data-element_type=\"column\">\n\t\t\t<div class=\"elementor-widget-wrap elementor-element-populated\">\n\t\t\t\t\t\t<div class=\"elementor-element elementor-element-ae99ef2 elementor-invisible elementor-widget elementor-widget-heading\" data-id=\"ae99ef2\" data-element_type=\"widget\" data-settings=\"{&quot;_animation&quot;:&quot;fadeIn&quot;}\" data-widget_type=\"heading.default\">\n\t\t\t\t<div class=\"elementor-widget-container\">\n\t\t\t\t\t<h2 class=\"elementor-heading-title elementor-size-default\">LH 668B<\/h2>\t\t\t\t<\/div>\n\t\t\t\t<\/div>\n\t\t\t\t<div class=\"elementor-element elementor-element-63fb18e elementor-widget elementor-widget-image\" data-id=\"63fb18e\" data-element_type=\"widget\" data-widget_type=\"image.default\">\n\t\t\t\t<div class=\"elementor-widget-container\">\n\t\t\t\t\t\t\t\t\t\t\t\t\t\t\t<img decoding=\"async\" width=\"237\" height=\"185\" src=\"http:\/\/speedcraft-marine.de\/wp-content\/uploads\/2025\/01\/lh668b_bp.jpg\" class=\"attachment-large size-large wp-image-477\" alt=\"\" \/>\t\t\t\t\t\t\t\t\t\t\t\t\t\t\t<\/div>\n\t\t\t\t<\/div>\n\t\t\t\t\t<\/div>\n\t\t<\/div>\n\t\t\t\t<div class=\"elementor-column elementor-col-33 elementor-top-column elementor-element elementor-element-d0c3d76\" data-id=\"d0c3d76\" data-element_type=\"column\">\n\t\t\t<div class=\"elementor-widget-wrap elementor-element-populated\">\n\t\t\t\t\t\t<div class=\"elementor-element elementor-element-9b37018 elementor-invisible elementor-widget elementor-widget-heading\" data-id=\"9b37018\" data-element_type=\"widget\" data-settings=\"{&quot;_animation&quot;:&quot;fadeIn&quot;}\" data-widget_type=\"heading.default\">\n\t\t\t\t<div class=\"elementor-widget-container\">\n\t\t\t\t\t<h2 class=\"elementor-heading-title elementor-size-default\">LH 668S<\/h2>\t\t\t\t<\/div>\n\t\t\t\t<\/div>\n\t\t\t\t<div class=\"elementor-element elementor-element-a1d30bd elementor-widget elementor-widget-image\" data-id=\"a1d30bd\" data-element_type=\"widget\" data-widget_type=\"image.default\">\n\t\t\t\t<div class=\"elementor-widget-container\">\n\t\t\t\t\t\t\t\t\t\t\t\t\t\t\t<img decoding=\"async\" width=\"237\" height=\"185\" src=\"http:\/\/speedcraft-marine.de\/wp-content\/uploads\/2025\/01\/lh668s_bp.jpg\" class=\"attachment-large size-large wp-image-476\" alt=\"\" \/>\t\t\t\t\t\t\t\t\t\t\t\t\t\t\t<\/div>\n\t\t\t\t<\/div>\n\t\t\t\t\t<\/div>\n\t\t<\/div>\n\t\t\t\t<div class=\"elementor-column elementor-col-33 elementor-top-column elementor-element elementor-element-30fd5e1\" data-id=\"30fd5e1\" data-element_type=\"column\">\n\t\t\t<div class=\"elementor-widget-wrap elementor-element-populated\">\n\t\t\t\t\t\t<div class=\"elementor-element elementor-element-e86f828 elementor-invisible elementor-widget elementor-widget-heading\" data-id=\"e86f828\" data-element_type=\"widget\" data-settings=\"{&quot;_animation&quot;:&quot;fadeIn&quot;}\" data-widget_type=\"heading.default\">\n\t\t\t\t<div class=\"elementor-widget-container\">\n\t\t\t\t\t<h2 class=\"elementor-heading-title elementor-size-default\">LH 668Z<\/h2>\t\t\t\t<\/div>\n\t\t\t\t<\/div>\n\t\t\t\t<div class=\"elementor-element elementor-element-755b395 elementor-widget elementor-widget-image\" data-id=\"755b395\" data-element_type=\"widget\" data-widget_type=\"image.default\">\n\t\t\t\t<div class=\"elementor-widget-container\">\n\t\t\t\t\t\t\t\t\t\t\t\t\t\t\t<img loading=\"lazy\" decoding=\"async\" width=\"237\" height=\"185\" src=\"http:\/\/speedcraft-marine.de\/wp-content\/uploads\/2025\/01\/lh668z_bp.jpg\" class=\"attachment-large size-large wp-image-475\" alt=\"\" \/>\t\t\t\t\t\t\t\t\t\t\t\t\t\t\t<\/div>\n\t\t\t\t<\/div>\n\t\t\t\t\t<\/div>\n\t\t<\/div>\n\t\t\t\t\t<\/div>\n\t\t<\/section>\n\t\t\t\t<section class=\"elementor-section elementor-top-section elementor-element elementor-element-399532a elementor-section-boxed elementor-section-height-default elementor-section-height-default\" data-id=\"399532a\" data-element_type=\"section\">\n\t\t\t\t\t\t<div class=\"elementor-container elementor-column-gap-default\">\n\t\t\t\t\t<div class=\"elementor-column elementor-col-100 elementor-top-column elementor-element elementor-element-8e572b5\" data-id=\"8e572b5\" data-element_type=\"column\">\n\t\t\t<div class=\"elementor-widget-wrap elementor-element-populated\">\n\t\t\t\t\t\t<div class=\"elementor-element elementor-element-ba941e1 elementor-widget elementor-widget-image\" data-id=\"ba941e1\" data-element_type=\"widget\" data-widget_type=\"image.default\">\n\t\t\t\t<div class=\"elementor-widget-container\">\n\t\t\t\t\t\t\t\t\t\t\t\t\t\t\t<img loading=\"lazy\" decoding=\"async\" width=\"726\" height=\"80\" src=\"http:\/\/speedcraft-marine.de\/wp-content\/uploads\/2025\/01\/lh668_colors.jpg\" class=\"attachment-large size-large wp-image-474\" alt=\"\" srcset=\"http:\/\/speedcraft-marine.de\/wp-content\/uploads\/2025\/01\/lh668_colors.jpg 726w, http:\/\/speedcraft-marine.de\/wp-content\/uploads\/2025\/01\/lh668_colors-300x33.jpg 300w\" sizes=\"(max-width: 726px) 100vw, 726px\" \/>\t\t\t\t\t\t\t\t\t\t\t\t\t\t\t<\/div>\n\t\t\t\t<\/div>\n\t\t\t\t\t<\/div>\n\t\t<\/div>\n\t\t\t\t\t<\/div>\n\t\t<\/section>\n\t\t\t\t<section class=\"elementor-section elementor-top-section elementor-element elementor-element-abe7cfa elementor-section-boxed elementor-section-height-default elementor-section-height-default\" data-id=\"abe7cfa\" data-element_type=\"section\">\n\t\t\t\t\t\t<div class=\"elementor-container elementor-column-gap-default\">\n\t\t\t\t\t<div class=\"elementor-column elementor-col-100 elementor-top-column elementor-element elementor-element-715ad11\" data-id=\"715ad11\" data-element_type=\"column\">\n\t\t\t<div class=\"elementor-widget-wrap elementor-element-populated\">\n\t\t\t\t\t\t<div class=\"elementor-element elementor-element-c21b283 elementor-widget elementor-widget-elementskit-tablepress\" data-id=\"c21b283\" data-element_type=\"widget\" data-widget_type=\"elementskit-tablepress.default\">\n\t\t\t\t<div class=\"elementor-widget-container\">\n\t\t\t\t\t<div class=\"elemenetskit-tablepress ekit-wid-con\" id=\"ekit_tablepress_c21b283\">\n<table id=\"tablepress-5\" class=\"tablepress tablepress-id-5\">\n<thead>\n<tr class=\"row-1\">\n\t<th class=\"column-1\">Modell<\/th><th class=\"column-2\"><strong>LH 668B<\/strong><\/th><th class=\"column-3\"><strong>LH 668B<\/strong><\/th><th class=\"column-4\"><strong>LH 668B<\/strong><\/th>\n<\/tr>\n<\/thead>\n<tbody class=\"row-striping row-hover\">\n<tr class=\"row-2\">\n\t<td class=\"column-1\">L\u00e4nge<\/td><td class=\"column-2\">6.48 m<\/td><td class=\"column-3\">6.48 m<\/td><td class=\"column-4\">6.48 m<\/td>\n<\/tr>\n<tr class=\"row-3\">\n\t<td class=\"column-1\">Width<\/td><td class=\"column-2\">2.39 m<\/td><td class=\"column-3\">2.39 m<\/td><td class=\"column-4\">2.39 m<\/td>\n<\/tr>\n<tr class=\"row-4\">\n\t<td class=\"column-1\">Vollbeladene Verdr\u00e4ngung<\/td><td class=\"column-2\">2.40 t<\/td><td class=\"column-3\">2.40 t<\/td><td class=\"column-4\">2.40 t<\/td>\n<\/tr>\n<tr class=\"row-5\">\n\t<td class=\"column-1\">Motor<\/td><td class=\"column-2\">1x150 hp<\/td><td class=\"column-3\">1x150 hp<\/td><td class=\"column-4\">1x150 hp<\/td>\n<\/tr>\n<tr class=\"row-6\">\n\t<td class=\"column-1\">Passagiere<\/td><td class=\"column-2\">6<\/td><td class=\"column-3\">6<\/td><td class=\"column-4\">6<\/td>\n<\/tr>\n<tr class=\"row-7\">\n\t<td class=\"column-1\">Geschwindigkeit<\/td><td class=\"column-2\">34 kn<\/td><td class=\"column-3\">34 kn<\/td><td class=\"column-4\">34 kn<\/td>\n<\/tr>\n<tr class=\"row-8\">\n\t<td class=\"column-1\">Zertifikat<\/td><td class=\"column-2\">CE<\/td><td class=\"column-3\">CE<\/td><td class=\"column-4\">CE<\/td>\n<\/tr>\n<\/tbody>\n<\/table>\n<!-- #tablepress-5 from cache --><\/div>\t\t\t\t<\/div>\n\t\t\t\t<\/div>\n\t\t\t\t\t<\/div>\n\t\t<\/div>\n\t\t\t\t\t<\/div>\n\t\t<\/section>\n\t\t\t\t<section class=\"elementor-section elementor-top-section elementor-element elementor-element-7136278 elementor-reverse-mobile elementor-section-boxed elementor-section-height-default elementor-section-height-default\" data-id=\"7136278\" data-element_type=\"section\">\n\t\t\t\t\t\t<div class=\"elementor-container elementor-column-gap-default\">\n\t\t\t\t\t<div class=\"elementor-column elementor-col-50 elementor-top-column elementor-element elementor-element-c5a23f3\" data-id=\"c5a23f3\" data-element_type=\"column\">\n\t\t\t<div class=\"elementor-widget-wrap elementor-element-populated\">\n\t\t\t\t\t\t<div class=\"elementor-element elementor-element-ea1e15e elementor-widget elementor-widget-heading\" data-id=\"ea1e15e\" data-element_type=\"widget\" data-widget_type=\"heading.default\">\n\t\t\t\t<div class=\"elementor-widget-container\">\n\t\t\t\t\t<h2 class=\"elementor-heading-title elementor-size-default\">LH 768<\/h2>\t\t\t\t<\/div>\n\t\t\t\t<\/div>\n\t\t\t\t<div class=\"elementor-element elementor-element-03db225 elementor-invisible elementor-widget elementor-widget-text-editor\" data-id=\"03db225\" data-element_type=\"widget\" data-settings=\"{&quot;_animation&quot;:&quot;fadeIn&quot;,&quot;_animation_delay&quot;:400}\" data-widget_type=\"text-editor.default\">\n\t\t\t\t<div class=\"elementor-widget-container\">\n\t\t\t\t\t\t\t\t\tDas LH 768 vereint Langlebigkeit mit verbesserter Funktionalit\u00e4t und ist damit die ideale Wahl f\u00fcr l\u00e4ngere Angeltouren und Freizeitausfl\u00fcge. Der gr\u00f6\u00dfere Rumpf sorgt f\u00fcr mehr Stabilit\u00e4t und Platz und bietet ausreichend Raum f\u00fcr mehr Ausr\u00fcstung und Passagiere. Das schlanke, aerodynamische Rumpfdesign steigert die Leistung und Kraftstoffeffizienz und garantiert eine ruhige Fahrt, selbst bei raueren Gew\u00e4ssern. Ausgestattet mit praktischen Innenmerkmalen und gebaut f\u00fcr Langlebigkeit, bietet das LH 768 eine perfekte Mischung aus Komfort, Stil und Zuverl\u00e4ssigkeit f\u00fcr jedes Wasserabenteuer.\t\t\t\t\t\t\t\t<\/div>\n\t\t\t\t<\/div>\n\t\t\t\t\t<\/div>\n\t\t<\/div>\n\t\t\t\t<div class=\"elementor-column elementor-col-50 elementor-top-column elementor-element elementor-element-86aba6c\" data-id=\"86aba6c\" data-element_type=\"column\">\n\t\t\t<div class=\"elementor-widget-wrap elementor-element-populated\">\n\t\t\t\t\t\t<div class=\"elementor-element elementor-element-d8cf545 elementor-widget elementor-widget-image\" data-id=\"d8cf545\" data-element_type=\"widget\" data-widget_type=\"image.default\">\n\t\t\t\t<div class=\"elementor-widget-container\">\n\t\t\t\t\t\t\t\t\t\t\t\t\t\t\t<img loading=\"lazy\" decoding=\"async\" width=\"793\" height=\"558\" src=\"http:\/\/speedcraft-marine.de\/wp-content\/uploads\/2025\/01\/lh-768-series.jpg\" class=\"attachment-large size-large wp-image-263\" alt=\"\" srcset=\"http:\/\/speedcraft-marine.de\/wp-content\/uploads\/2025\/01\/lh-768-series.jpg 793w, http:\/\/speedcraft-marine.de\/wp-content\/uploads\/2025\/01\/lh-768-series-300x211.jpg 300w, http:\/\/speedcraft-marine.de\/wp-content\/uploads\/2025\/01\/lh-768-series-768x540.jpg 768w\" sizes=\"(max-width: 793px) 100vw, 793px\" \/>\t\t\t\t\t\t\t\t\t\t\t\t\t\t\t<\/div>\n\t\t\t\t<\/div>\n\t\t\t\t\t<\/div>\n\t\t<\/div>\n\t\t\t\t\t<\/div>\n\t\t<\/section>\n\t\t\t\t<section class=\"elementor-section elementor-top-section elementor-element elementor-element-d8517ec elementor-section-boxed elementor-section-height-default elementor-section-height-default\" data-id=\"d8517ec\" data-element_type=\"section\">\n\t\t\t\t\t\t<div class=\"elementor-container elementor-column-gap-default\">\n\t\t\t\t\t<div class=\"elementor-column elementor-col-33 elementor-top-column elementor-element elementor-element-8bda669\" data-id=\"8bda669\" data-element_type=\"column\">\n\t\t\t<div class=\"elementor-widget-wrap elementor-element-populated\">\n\t\t\t\t\t\t<div class=\"elementor-element elementor-element-12e4d08 elementor-invisible elementor-widget elementor-widget-heading\" data-id=\"12e4d08\" data-element_type=\"widget\" data-settings=\"{&quot;_animation&quot;:&quot;fadeIn&quot;}\" data-widget_type=\"heading.default\">\n\t\t\t\t<div class=\"elementor-widget-container\">\n\t\t\t\t\t<h2 class=\"elementor-heading-title elementor-size-default\">LH 768Q<\/h2>\t\t\t\t<\/div>\n\t\t\t\t<\/div>\n\t\t\t\t<div class=\"elementor-element elementor-element-b35d285 elementor-widget elementor-widget-image\" data-id=\"b35d285\" data-element_type=\"widget\" data-widget_type=\"image.default\">\n\t\t\t\t<div class=\"elementor-widget-container\">\n\t\t\t\t\t\t\t\t\t\t\t\t\t\t\t<img loading=\"lazy\" decoding=\"async\" width=\"237\" height=\"177\" src=\"http:\/\/speedcraft-marine.de\/wp-content\/uploads\/2025\/01\/lh768q_bp.jpg\" class=\"attachment-large size-large wp-image-473\" alt=\"\" \/>\t\t\t\t\t\t\t\t\t\t\t\t\t\t\t<\/div>\n\t\t\t\t<\/div>\n\t\t\t\t\t<\/div>\n\t\t<\/div>\n\t\t\t\t<div class=\"elementor-column elementor-col-33 elementor-top-column elementor-element elementor-element-0297774\" data-id=\"0297774\" data-element_type=\"column\">\n\t\t\t<div class=\"elementor-widget-wrap elementor-element-populated\">\n\t\t\t\t\t\t<div class=\"elementor-element elementor-element-0584d96 elementor-invisible elementor-widget elementor-widget-heading\" data-id=\"0584d96\" data-element_type=\"widget\" data-settings=\"{&quot;_animation&quot;:&quot;fadeIn&quot;}\" data-widget_type=\"heading.default\">\n\t\t\t\t<div class=\"elementor-widget-container\">\n\t\t\t\t\t<h2 class=\"elementor-heading-title elementor-size-default\">LH 768H<\/h2>\t\t\t\t<\/div>\n\t\t\t\t<\/div>\n\t\t\t\t<div class=\"elementor-element elementor-element-73aedee elementor-widget elementor-widget-image\" data-id=\"73aedee\" data-element_type=\"widget\" data-widget_type=\"image.default\">\n\t\t\t\t<div class=\"elementor-widget-container\">\n\t\t\t\t\t\t\t\t\t\t\t\t\t\t\t<img loading=\"lazy\" decoding=\"async\" width=\"237\" height=\"177\" src=\"http:\/\/speedcraft-marine.de\/wp-content\/uploads\/2025\/01\/lh768h_bp.jpg\" class=\"attachment-large size-large wp-image-472\" alt=\"\" \/>\t\t\t\t\t\t\t\t\t\t\t\t\t\t\t<\/div>\n\t\t\t\t<\/div>\n\t\t\t\t\t<\/div>\n\t\t<\/div>\n\t\t\t\t<div class=\"elementor-column elementor-col-33 elementor-top-column elementor-element elementor-element-36b7a88\" data-id=\"36b7a88\" data-element_type=\"column\">\n\t\t\t<div class=\"elementor-widget-wrap elementor-element-populated\">\n\t\t\t\t\t\t<div class=\"elementor-element elementor-element-3271bce elementor-invisible elementor-widget elementor-widget-heading\" data-id=\"3271bce\" data-element_type=\"widget\" data-settings=\"{&quot;_animation&quot;:&quot;fadeIn&quot;}\" data-widget_type=\"heading.default\">\n\t\t\t\t<div class=\"elementor-widget-container\">\n\t\t\t\t\t<h2 class=\"elementor-heading-title elementor-size-default\">LH 768Z<\/h2>\t\t\t\t<\/div>\n\t\t\t\t<\/div>\n\t\t\t\t<div class=\"elementor-element elementor-element-c2f81d8 elementor-widget elementor-widget-image\" data-id=\"c2f81d8\" data-element_type=\"widget\" data-widget_type=\"image.default\">\n\t\t\t\t<div class=\"elementor-widget-container\">\n\t\t\t\t\t\t\t\t\t\t\t\t\t\t\t<img loading=\"lazy\" decoding=\"async\" width=\"237\" height=\"177\" src=\"http:\/\/speedcraft-marine.de\/wp-content\/uploads\/2025\/01\/lh768z_bp.jpg\" class=\"attachment-large size-large wp-image-471\" alt=\"\" \/>\t\t\t\t\t\t\t\t\t\t\t\t\t\t\t<\/div>\n\t\t\t\t<\/div>\n\t\t\t\t\t<\/div>\n\t\t<\/div>\n\t\t\t\t\t<\/div>\n\t\t<\/section>\n\t\t\t\t<section class=\"elementor-section elementor-top-section elementor-element elementor-element-4814bc6 elementor-section-boxed elementor-section-height-default elementor-section-height-default\" data-id=\"4814bc6\" data-element_type=\"section\">\n\t\t\t\t\t\t<div class=\"elementor-container elementor-column-gap-default\">\n\t\t\t\t\t<div class=\"elementor-column elementor-col-100 elementor-top-column elementor-element elementor-element-3cc8739\" data-id=\"3cc8739\" data-element_type=\"column\">\n\t\t\t<div class=\"elementor-widget-wrap elementor-element-populated\">\n\t\t\t\t\t\t<div class=\"elementor-element elementor-element-880977f elementor-widget elementor-widget-image\" data-id=\"880977f\" data-element_type=\"widget\" data-widget_type=\"image.default\">\n\t\t\t\t<div class=\"elementor-widget-container\">\n\t\t\t\t\t\t\t\t\t\t\t\t\t\t\t<img loading=\"lazy\" decoding=\"async\" width=\"747\" height=\"86\" src=\"http:\/\/speedcraft-marine.de\/wp-content\/uploads\/2025\/01\/lh768_colors.jpg\" class=\"attachment-large size-large wp-image-470\" alt=\"\" srcset=\"http:\/\/speedcraft-marine.de\/wp-content\/uploads\/2025\/01\/lh768_colors.jpg 747w, http:\/\/speedcraft-marine.de\/wp-content\/uploads\/2025\/01\/lh768_colors-300x35.jpg 300w\" sizes=\"(max-width: 747px) 100vw, 747px\" \/>\t\t\t\t\t\t\t\t\t\t\t\t\t\t\t<\/div>\n\t\t\t\t<\/div>\n\t\t\t\t\t<\/div>\n\t\t<\/div>\n\t\t\t\t\t<\/div>\n\t\t<\/section>\n\t\t\t\t<section class=\"elementor-section elementor-top-section elementor-element elementor-element-4b40498 elementor-section-boxed elementor-section-height-default elementor-section-height-default\" data-id=\"4b40498\" data-element_type=\"section\">\n\t\t\t\t\t\t<div class=\"elementor-container elementor-column-gap-default\">\n\t\t\t\t\t<div class=\"elementor-column elementor-col-100 elementor-top-column elementor-element elementor-element-5db9422\" data-id=\"5db9422\" data-element_type=\"column\">\n\t\t\t<div class=\"elementor-widget-wrap elementor-element-populated\">\n\t\t\t\t\t\t<div class=\"elementor-element elementor-element-718a0cc elementor-widget elementor-widget-elementskit-tablepress\" data-id=\"718a0cc\" data-element_type=\"widget\" data-widget_type=\"elementskit-tablepress.default\">\n\t\t\t\t<div class=\"elementor-widget-container\">\n\t\t\t\t\t<div class=\"elemenetskit-tablepress ekit-wid-con\" id=\"ekit_tablepress_718a0cc\">\n<table id=\"tablepress-6\" class=\"tablepress tablepress-id-6\">\n<thead>\n<tr class=\"row-1\">\n\t<th class=\"column-1\">Modell<\/th><th class=\"column-2\"><strong>LH 768Q<\/strong><\/th><th class=\"column-3\"><strong>LH 768H<\/strong><\/th><th class=\"column-4\"><strong>LH 768Z<\/strong><\/th>\n<\/tr>\n<\/thead>\n<tbody class=\"row-striping row-hover\">\n<tr class=\"row-2\">\n\t<td class=\"column-1\">L\u00e4nge<\/td><td class=\"column-2\">7.68 m<\/td><td class=\"column-3\">7.68 m<\/td><td class=\"column-4\">7.68 m<\/td>\n<\/tr>\n<tr class=\"row-3\">\n\t<td class=\"column-1\">Width<\/td><td class=\"column-2\">2.46 m<\/td><td class=\"column-3\">2.46 m<\/td><td class=\"column-4\">2.46 m<\/td>\n<\/tr>\n<tr class=\"row-4\">\n\t<td class=\"column-1\">Vollbeladene Verdr\u00e4ngung<\/td><td class=\"column-2\">2.40 t<\/td><td class=\"column-3\">2.40 t<\/td><td class=\"column-4\">2.40 t<\/td>\n<\/tr>\n<tr class=\"row-5\">\n\t<td class=\"column-1\">Motor<\/td><td class=\"column-2\">2x150 hp<\/td><td class=\"column-3\">2x150 hp<\/td><td class=\"column-4\">2x150 hp<\/td>\n<\/tr>\n<tr class=\"row-6\">\n\t<td class=\"column-1\">Passagiere<\/td><td class=\"column-2\">8<\/td><td class=\"column-3\">8<\/td><td class=\"column-4\">8<\/td>\n<\/tr>\n<tr class=\"row-7\">\n\t<td class=\"column-1\">Geschwindigkeit<\/td><td class=\"column-2\">34 kn<\/td><td class=\"column-3\">34 kn<\/td><td class=\"column-4\">34 kn<\/td>\n<\/tr>\n<tr class=\"row-8\">\n\t<td class=\"column-1\">Zertifikat<\/td><td class=\"column-2\">CE<\/td><td class=\"column-3\">CE<\/td><td class=\"column-4\">CE<\/td>\n<\/tr>\n<\/tbody>\n<\/table>\n<!-- #tablepress-6 from cache --><\/div>\t\t\t\t<\/div>\n\t\t\t\t<\/div>\n\t\t\t\t\t<\/div>\n\t\t<\/div>\n\t\t\t\t\t<\/div>\n\t\t<\/section>\n\t\t\t\t<\/div>","protected":false},"excerpt":{"rendered":"<p>LH 668 The LH 668 is a versatile aluminum boat designed for both leisure and sport fishing. Its compact size offers excellent maneuverability, making it perfect for exploring tight waterways and shallow areas. The streamlined hull design ensures smooth navigation and fuel efficiency, while the spacious deck provides ample room for fishing gear and comfortable [&hellip;]<\/p>","protected":false},"author":1,"featured_media":0,"parent":0,"menu_order":0,"comment_status":"closed","ping_status":"closed","template":"","meta":{"footnotes":""},"class_list":["post-324","page","type-page","status-publish","hentry"],"_links":{"self":[{"href":"http:\/\/speedcraft-marine.de\/de\/wp-json\/wp\/v2\/pages\/324","targetHints":{"allow":["GET"]}}],"collection":[{"href":"http:\/\/speedcraft-marine.de\/de\/wp-json\/wp\/v2\/pages"}],"about":[{"href":"http:\/\/speedcraft-marine.de\/de\/wp-json\/wp\/v2\/types\/page"}],"author":[{"embeddable":true,"href":"http:\/\/speedcraft-marine.de\/de\/wp-json\/wp\/v2\/users\/1"}],"replies":[{"embeddable":true,"href":"http:\/\/speedcraft-marine.de\/de\/wp-json\/wp\/v2\/comments?post=324"}],"version-history":[{"count":16,"href":"http:\/\/speedcraft-marine.de\/de\/wp-json\/wp\/v2\/pages\/324\/revisions"}],"predecessor-version":[{"id":815,"href":"http:\/\/speedcraft-marine.de\/de\/wp-json\/wp\/v2\/pages\/324\/revisions\/815"}],"wp:attachment":[{"href":"http:\/\/speedcraft-marine.de\/de\/wp-json\/wp\/v2\/media?parent=324"}],"curies":[{"name":"wp","href":"https:\/\/api.w.org\/{rel}","templated":true}]}}