{"id":329,"date":"2025-01-16T08:06:24","date_gmt":"2025-01-16T08:06:24","guid":{"rendered":"http:\/\/speedcraft-marine.de\/?page_id=329"},"modified":"2025-02-12T18:54:36","modified_gmt":"2025-02-12T18:54:36","slug":"dl-series-2","status":"publish","type":"page","link":"http:\/\/speedcraft-marine.de\/de\/dl-series-2\/","title":{"rendered":"DL Series"},"content":{"rendered":"<div data-elementor-type=\"wp-page\" data-elementor-id=\"329\" class=\"elementor elementor-329\" data-elementor-post-type=\"page\">\n\t\t\t\t\t\t<section class=\"elementor-section elementor-top-section elementor-element elementor-element-b870015 elementor-section-height-min-height elementor-section-boxed elementor-section-height-default elementor-section-items-middle\" data-id=\"b870015\" data-element_type=\"section\" data-settings=\"{&quot;background_background&quot;:&quot;classic&quot;}\">\n\t\t\t\t\t\t\t<div class=\"elementor-background-overlay\"><\/div>\n\t\t\t\t\t\t\t<div class=\"elementor-container elementor-column-gap-default\">\n\t\t\t\t\t<div class=\"elementor-column elementor-col-100 elementor-top-column elementor-element elementor-element-d3cb20a\" data-id=\"d3cb20a\" data-element_type=\"column\">\n\t\t\t<div class=\"elementor-widget-wrap elementor-element-populated\">\n\t\t\t\t\t\t<div class=\"elementor-element elementor-element-9ff19de elementor-invisible elementor-widget elementor-widget-heading\" data-id=\"9ff19de\" data-element_type=\"widget\" data-settings=\"{&quot;_animation&quot;:&quot;fadeIn&quot;}\" data-widget_type=\"heading.default\">\n\t\t\t\t<div class=\"elementor-widget-container\">\n\t\t\t\t\t<h2 class=\"elementor-heading-title elementor-size-default\">DL Series<\/h2>\t\t\t\t<\/div>\n\t\t\t\t<\/div>\n\t\t\t\t\t<\/div>\n\t\t<\/div>\n\t\t\t\t\t<\/div>\n\t\t<\/section>\n\t\t\t\t<section class=\"elementor-section elementor-top-section elementor-element elementor-element-428167c elementor-section-boxed elementor-section-height-default elementor-section-height-default\" data-id=\"428167c\" data-element_type=\"section\">\n\t\t\t\t\t\t<div class=\"elementor-container elementor-column-gap-default\">\n\t\t\t\t\t<div class=\"elementor-column elementor-col-50 elementor-top-column elementor-element elementor-element-ca76711\" data-id=\"ca76711\" data-element_type=\"column\">\n\t\t\t<div class=\"elementor-widget-wrap elementor-element-populated\">\n\t\t\t\t\t\t<div class=\"elementor-element elementor-element-749528e elementor-widget elementor-widget-image\" data-id=\"749528e\" data-element_type=\"widget\" data-widget_type=\"image.default\">\n\t\t\t\t<div class=\"elementor-widget-container\">\n\t\t\t\t\t\t\t\t\t\t\t\t\t\t\t<img fetchpriority=\"high\" decoding=\"async\" width=\"800\" height=\"488\" src=\"http:\/\/speedcraft-marine.de\/wp-content\/uploads\/2025\/01\/dl-series.jpg\" class=\"attachment-large size-large wp-image-264\" alt=\"\" srcset=\"http:\/\/speedcraft-marine.de\/wp-content\/uploads\/2025\/01\/dl-series.jpg 913w, http:\/\/speedcraft-marine.de\/wp-content\/uploads\/2025\/01\/dl-series-300x183.jpg 300w, http:\/\/speedcraft-marine.de\/wp-content\/uploads\/2025\/01\/dl-series-768x469.jpg 768w\" sizes=\"(max-width: 800px) 100vw, 800px\" \/>\t\t\t\t\t\t\t\t\t\t\t\t\t\t\t<\/div>\n\t\t\t\t<\/div>\n\t\t\t\t\t<\/div>\n\t\t<\/div>\n\t\t\t\t<div class=\"elementor-column elementor-col-50 elementor-top-column elementor-element elementor-element-15fc739\" data-id=\"15fc739\" data-element_type=\"column\">\n\t\t\t<div class=\"elementor-widget-wrap elementor-element-populated\">\n\t\t\t\t\t\t<div class=\"elementor-element elementor-element-1de944e elementor-invisible elementor-widget elementor-widget-text-editor\" data-id=\"1de944e\" data-element_type=\"widget\" data-settings=\"{&quot;_animation&quot;:&quot;fadeIn&quot;,&quot;_animation_delay&quot;:400}\" data-widget_type=\"text-editor.default\">\n\t\t\t\t<div class=\"elementor-widget-container\">\n\t\t\t\t\t\t\t\t\tDie DL-Serie ist f\u00fcr schwere Aufgaben und Vielseitigkeit konzipiert und eignet sich sowohl f\u00fcr den gewerblichen als auch den Freizeitgebrauch. Mit einer robusten Aluminiumkonstruktion bietet diese Serie unvergleichliche Langlebigkeit und Tragf\u00e4higkeit, was sie ideal f\u00fcr den Transport von Fahrzeugen oder schwerem Equipment macht. Das ger\u00e4umige Deck ist darauf ausgelegt, gro\u00dfe Fracht zu bef\u00f6rdern, w\u00e4hrend die geschlossene Kabine Schutz und Komfort f\u00fcr die Crew bietet. Ausgestattet mit leistungsstarken Au\u00dfenbordmotoren und fortschrittlichen Stabilit\u00e4tsmerkmalen gew\u00e4hrleistet die DL-Serie zuverl\u00e4ssige Leistung, selbst unter herausfordernden Bedingungen. Ob f\u00fcr Transport oder Arbeit, die DL-Serie ist darauf ausgelegt, alles mit St\u00e4rke und Effizienz zu bew\u00e4ltigen.\t\t\t\t\t\t\t\t<\/div>\n\t\t\t\t<\/div>\n\t\t\t\t\t<\/div>\n\t\t<\/div>\n\t\t\t\t\t<\/div>\n\t\t<\/section>\n\t\t\t\t<section class=\"elementor-section elementor-top-section elementor-element elementor-element-24cabab elementor-section-boxed elementor-section-height-default elementor-section-height-default\" data-id=\"24cabab\" data-element_type=\"section\">\n\t\t\t\t\t\t<div class=\"elementor-container elementor-column-gap-default\">\n\t\t\t\t\t<div class=\"elementor-column elementor-col-33 elementor-top-column elementor-element elementor-element-31e732e\" data-id=\"31e732e\" data-element_type=\"column\">\n\t\t\t<div class=\"elementor-widget-wrap elementor-element-populated\">\n\t\t\t\t\t\t<div class=\"elementor-element elementor-element-9ad1f71 elementor-invisible elementor-widget elementor-widget-heading\" data-id=\"9ad1f71\" data-element_type=\"widget\" data-settings=\"{&quot;_animation&quot;:&quot;fadeIn&quot;}\" data-widget_type=\"heading.default\">\n\t\t\t\t<div class=\"elementor-widget-container\">\n\t\t\t\t\t<h2 class=\"elementor-heading-title elementor-size-default\">DL 790<\/h2>\t\t\t\t<\/div>\n\t\t\t\t<\/div>\n\t\t\t\t<div class=\"elementor-element elementor-element-ea7f308 elementor-widget elementor-widget-image\" data-id=\"ea7f308\" data-element_type=\"widget\" data-widget_type=\"image.default\">\n\t\t\t\t<div class=\"elementor-widget-container\">\n\t\t\t\t\t\t\t\t\t\t\t\t\t\t\t<img decoding=\"async\" width=\"235\" height=\"177\" src=\"http:\/\/speedcraft-marine.de\/wp-content\/uploads\/2025\/01\/dl790_bp.jpg\" class=\"attachment-large size-large wp-image-511\" alt=\"\" \/>\t\t\t\t\t\t\t\t\t\t\t\t\t\t\t<\/div>\n\t\t\t\t<\/div>\n\t\t\t\t\t<\/div>\n\t\t<\/div>\n\t\t\t\t<div class=\"elementor-column elementor-col-33 elementor-top-column elementor-element elementor-element-1c14f0d\" data-id=\"1c14f0d\" data-element_type=\"column\">\n\t\t\t<div class=\"elementor-widget-wrap elementor-element-populated\">\n\t\t\t\t\t\t<div class=\"elementor-element elementor-element-9e6dd0d elementor-invisible elementor-widget elementor-widget-heading\" data-id=\"9e6dd0d\" data-element_type=\"widget\" data-settings=\"{&quot;_animation&quot;:&quot;fadeIn&quot;}\" data-widget_type=\"heading.default\">\n\t\t\t\t<div class=\"elementor-widget-container\">\n\t\t\t\t\t<h2 class=\"elementor-heading-title elementor-size-default\">DL 900<\/h2>\t\t\t\t<\/div>\n\t\t\t\t<\/div>\n\t\t\t\t<div class=\"elementor-element elementor-element-0450fb0 elementor-widget elementor-widget-image\" data-id=\"0450fb0\" data-element_type=\"widget\" data-widget_type=\"image.default\">\n\t\t\t\t<div class=\"elementor-widget-container\">\n\t\t\t\t\t\t\t\t\t\t\t\t\t\t\t<img decoding=\"async\" width=\"235\" height=\"177\" src=\"http:\/\/speedcraft-marine.de\/wp-content\/uploads\/2025\/01\/dl900_bp.jpg\" class=\"attachment-large size-large wp-image-510\" alt=\"\" \/>\t\t\t\t\t\t\t\t\t\t\t\t\t\t\t<\/div>\n\t\t\t\t<\/div>\n\t\t\t\t\t<\/div>\n\t\t<\/div>\n\t\t\t\t<div class=\"elementor-column elementor-col-33 elementor-top-column elementor-element elementor-element-ed8e9ef\" data-id=\"ed8e9ef\" data-element_type=\"column\">\n\t\t\t<div class=\"elementor-widget-wrap elementor-element-populated\">\n\t\t\t\t\t\t<div class=\"elementor-element elementor-element-2fe7278 elementor-invisible elementor-widget elementor-widget-heading\" data-id=\"2fe7278\" data-element_type=\"widget\" data-settings=\"{&quot;_animation&quot;:&quot;fadeIn&quot;}\" data-widget_type=\"heading.default\">\n\t\t\t\t<div class=\"elementor-widget-container\">\n\t\t\t\t\t<h2 class=\"elementor-heading-title elementor-size-default\">DL 1100<\/h2>\t\t\t\t<\/div>\n\t\t\t\t<\/div>\n\t\t\t\t<div class=\"elementor-element elementor-element-0dbd839 elementor-widget elementor-widget-image\" data-id=\"0dbd839\" data-element_type=\"widget\" data-widget_type=\"image.default\">\n\t\t\t\t<div class=\"elementor-widget-container\">\n\t\t\t\t\t\t\t\t\t\t\t\t\t\t\t<img loading=\"lazy\" decoding=\"async\" width=\"235\" height=\"177\" src=\"http:\/\/speedcraft-marine.de\/wp-content\/uploads\/2025\/01\/dl1100_bp.jpg\" class=\"attachment-large size-large wp-image-509\" alt=\"\" \/>\t\t\t\t\t\t\t\t\t\t\t\t\t\t\t<\/div>\n\t\t\t\t<\/div>\n\t\t\t\t\t<\/div>\n\t\t<\/div>\n\t\t\t\t\t<\/div>\n\t\t<\/section>\n\t\t\t\t<section class=\"elementor-section elementor-top-section elementor-element elementor-element-1e26b9f elementor-section-boxed elementor-section-height-default elementor-section-height-default\" data-id=\"1e26b9f\" data-element_type=\"section\">\n\t\t\t\t\t\t<div class=\"elementor-container elementor-column-gap-default\">\n\t\t\t\t\t<div class=\"elementor-column elementor-col-100 elementor-top-column elementor-element elementor-element-52ea0b5\" data-id=\"52ea0b5\" data-element_type=\"column\">\n\t\t\t<div class=\"elementor-widget-wrap elementor-element-populated\">\n\t\t\t\t\t\t<div class=\"elementor-element elementor-element-c90d1f0 elementor-widget elementor-widget-image\" data-id=\"c90d1f0\" data-element_type=\"widget\" data-widget_type=\"image.default\">\n\t\t\t\t<div class=\"elementor-widget-container\">\n\t\t\t\t\t\t\t\t\t\t\t\t\t\t\t<img loading=\"lazy\" decoding=\"async\" width=\"731\" height=\"88\" src=\"http:\/\/speedcraft-marine.de\/wp-content\/uploads\/2025\/01\/dl_colors.jpg\" class=\"attachment-large size-large wp-image-508\" alt=\"\" srcset=\"http:\/\/speedcraft-marine.de\/wp-content\/uploads\/2025\/01\/dl_colors.jpg 731w, http:\/\/speedcraft-marine.de\/wp-content\/uploads\/2025\/01\/dl_colors-300x36.jpg 300w\" sizes=\"(max-width: 731px) 100vw, 731px\" \/>\t\t\t\t\t\t\t\t\t\t\t\t\t\t\t<\/div>\n\t\t\t\t<\/div>\n\t\t\t\t\t<\/div>\n\t\t<\/div>\n\t\t\t\t\t<\/div>\n\t\t<\/section>\n\t\t\t\t<section class=\"elementor-section elementor-top-section elementor-element elementor-element-3f5644c elementor-section-boxed elementor-section-height-default elementor-section-height-default\" data-id=\"3f5644c\" data-element_type=\"section\">\n\t\t\t\t\t\t<div class=\"elementor-container elementor-column-gap-default\">\n\t\t\t\t\t<div class=\"elementor-column elementor-col-100 elementor-top-column elementor-element elementor-element-9e60146\" data-id=\"9e60146\" data-element_type=\"column\">\n\t\t\t<div class=\"elementor-widget-wrap elementor-element-populated\">\n\t\t\t\t\t\t<div class=\"elementor-element elementor-element-914df66 elementor-widget elementor-widget-elementskit-tablepress\" data-id=\"914df66\" data-element_type=\"widget\" data-widget_type=\"elementskit-tablepress.default\">\n\t\t\t\t<div class=\"elementor-widget-container\">\n\t\t\t\t\t<div class=\"elemenetskit-tablepress ekit-wid-con\" id=\"ekit_tablepress_914df66\">\n<table id=\"tablepress-7\" class=\"tablepress tablepress-id-7\">\n<thead>\n<tr class=\"row-1\">\n\t<th class=\"column-1\">Modell<\/th><th class=\"column-2\"><strong>DL 790<\/strong><\/th><th class=\"column-3\"><strong>DL 900<\/strong><\/th><th class=\"column-4\"><strong>DL 1100<\/strong><\/th>\n<\/tr>\n<\/thead>\n<tbody class=\"row-striping row-hover\">\n<tr class=\"row-2\">\n\t<td class=\"column-1\">L\u00e4nge<\/td><td class=\"column-2\">7.68 m<\/td><td class=\"column-3\">9.00 m<\/td><td class=\"column-4\">11.00 m<\/td>\n<\/tr>\n<tr class=\"row-3\">\n\t<td class=\"column-1\">Width<\/td><td class=\"column-2\">2.45 m<\/td><td class=\"column-3\">3.40 m<\/td><td class=\"column-4\">4.00 m<\/td>\n<\/tr>\n<tr class=\"row-4\">\n\t<td class=\"column-1\">Vollbeladene Verdr\u00e4ngung<\/td><td class=\"column-2\">7.50 t<\/td><td class=\"column-3\">9.00 t<\/td><td class=\"column-4\">12.00 t<\/td>\n<\/tr>\n<tr class=\"row-5\">\n\t<td class=\"column-1\">Motor<\/td><td class=\"column-2\">200 hp<\/td><td class=\"column-3\">300 hp<\/td><td class=\"column-4\">300 hp<\/td>\n<\/tr>\n<tr class=\"row-6\">\n\t<td class=\"column-1\">Passagiere<\/td><td class=\"column-2\">14<\/td><td class=\"column-3\">2<\/td><td class=\"column-4\">3<\/td>\n<\/tr>\n<tr class=\"row-7\">\n\t<td class=\"column-1\">Geschwindigkeit<\/td><td class=\"column-2\">20 kn<\/td><td class=\"column-3\">15 kn<\/td><td class=\"column-4\">10 kn<\/td>\n<\/tr>\n<tr class=\"row-8\">\n\t<td class=\"column-1\">Zertifikat<\/td><td class=\"column-2\">CE<\/td><td class=\"column-3\">CE<\/td><td class=\"column-4\">CE<\/td>\n<\/tr>\n<\/tbody>\n<\/table>\n<!-- #tablepress-7 from cache --><\/div>\t\t\t\t<\/div>\n\t\t\t\t<\/div>\n\t\t\t\t\t<\/div>\n\t\t<\/div>\n\t\t\t\t\t<\/div>\n\t\t<\/section>\n\t\t\t\t<\/div>","protected":false},"excerpt":{"rendered":"<p>The DL Series is engineered for heavy-duty tasks and versatility, perfect for both commercial and recreational use. With a robust aluminum construction, this series offers unmatched durability and load-carrying capacity, making it ideal for transporting vehicles or heavy equipment. The spacious deck is designed to accommodate large cargo, while the enclosed cabin provides protection and [&hellip;]<\/p>","protected":false},"author":1,"featured_media":0,"parent":0,"menu_order":0,"comment_status":"closed","ping_status":"closed","template":"","meta":{"footnotes":""},"class_list":["post-329","page","type-page","status-publish","hentry"],"_links":{"self":[{"href":"http:\/\/speedcraft-marine.de\/de\/wp-json\/wp\/v2\/pages\/329","targetHints":{"allow":["GET"]}}],"collection":[{"href":"http:\/\/speedcraft-marine.de\/de\/wp-json\/wp\/v2\/pages"}],"about":[{"href":"http:\/\/speedcraft-marine.de\/de\/wp-json\/wp\/v2\/types\/page"}],"author":[{"embeddable":true,"href":"http:\/\/speedcraft-marine.de\/de\/wp-json\/wp\/v2\/users\/1"}],"replies":[{"embeddable":true,"href":"http:\/\/speedcraft-marine.de\/de\/wp-json\/wp\/v2\/comments?post=329"}],"version-history":[{"count":22,"href":"http:\/\/speedcraft-marine.de\/de\/wp-json\/wp\/v2\/pages\/329\/revisions"}],"predecessor-version":[{"id":818,"href":"http:\/\/speedcraft-marine.de\/de\/wp-json\/wp\/v2\/pages\/329\/revisions\/818"}],"wp:attachment":[{"href":"http:\/\/speedcraft-marine.de\/de\/wp-json\/wp\/v2\/media?parent=329"}],"curies":[{"name":"wp","href":"https:\/\/api.w.org\/{rel}","templated":true}]}}