{"id":398,"date":"2025-01-16T10:21:56","date_gmt":"2025-01-16T10:21:56","guid":{"rendered":"http:\/\/speedcraft-marine.de\/?page_id=398"},"modified":"2025-02-12T18:55:32","modified_gmt":"2025-02-12T18:55:32","slug":"ca-550-2","status":"publish","type":"page","link":"http:\/\/speedcraft-marine.de\/de\/ca-550-2\/","title":{"rendered":"CA 550"},"content":{"rendered":"<div data-elementor-type=\"wp-page\" data-elementor-id=\"398\" class=\"elementor elementor-398\" data-elementor-post-type=\"page\">\n\t\t\t\t\t\t<section class=\"elementor-section elementor-top-section elementor-element elementor-element-5d868c1 elementor-section-height-min-height elementor-section-boxed elementor-section-height-default elementor-section-items-middle\" data-id=\"5d868c1\" data-element_type=\"section\" data-settings=\"{&quot;background_background&quot;:&quot;classic&quot;}\">\n\t\t\t\t\t\t\t<div class=\"elementor-background-overlay\"><\/div>\n\t\t\t\t\t\t\t<div class=\"elementor-container elementor-column-gap-default\">\n\t\t\t\t\t<div class=\"elementor-column elementor-col-100 elementor-top-column elementor-element elementor-element-20d9dad\" data-id=\"20d9dad\" data-element_type=\"column\">\n\t\t\t<div class=\"elementor-widget-wrap elementor-element-populated\">\n\t\t\t\t\t\t<div class=\"elementor-element elementor-element-2bf0dca elementor-invisible elementor-widget elementor-widget-heading\" data-id=\"2bf0dca\" data-element_type=\"widget\" data-settings=\"{&quot;_animation&quot;:&quot;fadeIn&quot;}\" data-widget_type=\"heading.default\">\n\t\t\t\t<div class=\"elementor-widget-container\">\n\t\t\t\t\t<h2 class=\"elementor-heading-title elementor-size-default\">CA 550<\/h2>\t\t\t\t<\/div>\n\t\t\t\t<\/div>\n\t\t\t\t\t<\/div>\n\t\t<\/div>\n\t\t\t\t\t<\/div>\n\t\t<\/section>\n\t\t\t\t<section class=\"elementor-section elementor-top-section elementor-element elementor-element-428167c elementor-section-boxed elementor-section-height-default elementor-section-height-default\" data-id=\"428167c\" data-element_type=\"section\">\n\t\t\t\t\t\t<div class=\"elementor-container elementor-column-gap-default\">\n\t\t\t\t\t<div class=\"elementor-column elementor-col-50 elementor-top-column elementor-element elementor-element-ca76711\" data-id=\"ca76711\" data-element_type=\"column\">\n\t\t\t<div class=\"elementor-widget-wrap elementor-element-populated\">\n\t\t\t\t\t\t<div class=\"elementor-element elementor-element-749528e elementor-widget elementor-widget-image\" data-id=\"749528e\" data-element_type=\"widget\" data-widget_type=\"image.default\">\n\t\t\t\t<div class=\"elementor-widget-container\">\n\t\t\t\t\t\t\t\t\t\t\t\t\t\t\t<img fetchpriority=\"high\" decoding=\"async\" width=\"800\" height=\"487\" src=\"http:\/\/speedcraft-marine.de\/wp-content\/uploads\/2025\/01\/ca-550.jpg\" class=\"attachment-large size-large wp-image-266\" alt=\"\" srcset=\"http:\/\/speedcraft-marine.de\/wp-content\/uploads\/2025\/01\/ca-550.jpg 917w, http:\/\/speedcraft-marine.de\/wp-content\/uploads\/2025\/01\/ca-550-300x183.jpg 300w, http:\/\/speedcraft-marine.de\/wp-content\/uploads\/2025\/01\/ca-550-768x467.jpg 768w\" sizes=\"(max-width: 800px) 100vw, 800px\" \/>\t\t\t\t\t\t\t\t\t\t\t\t\t\t\t<\/div>\n\t\t\t\t<\/div>\n\t\t\t\t\t<\/div>\n\t\t<\/div>\n\t\t\t\t<div class=\"elementor-column elementor-col-50 elementor-top-column elementor-element elementor-element-15fc739\" data-id=\"15fc739\" data-element_type=\"column\">\n\t\t\t<div class=\"elementor-widget-wrap elementor-element-populated\">\n\t\t\t\t\t\t<div class=\"elementor-element elementor-element-1de944e elementor-invisible elementor-widget elementor-widget-text-editor\" data-id=\"1de944e\" data-element_type=\"widget\" data-settings=\"{&quot;_animation&quot;:&quot;fadeIn&quot;,&quot;_animation_delay&quot;:400}\" data-widget_type=\"text-editor.default\">\n\t\t\t\t<div class=\"elementor-widget-container\">\n\t\t\t\t\t\t\t\t\tDie CA 550 ist ein dynamisches und stilvolles Boot, das f\u00fcr diejenigen entwickelt wurde, die sowohl Geschwindigkeit als auch Komfort suchen. Ihr kompaktes, aber ger\u00e4umiges Design bietet Platz f\u00fcr bis zu sechs Passagiere, was sie ideal f\u00fcr Gruppenausfl\u00fcge oder gem\u00fctliche Kreuzfahrten macht. Angetrieben von einem leistungsstarken Motor bietet die CA 550 beeindruckende Leistung und erm\u00f6glicht schnelle und aufregende Fahrten auf dem Wasser. Mit ihrem schlanken Aufbau und den Hochgeschwindigkeitsf\u00e4higkeiten sorgt sie f\u00fcr ein aufregendes Erlebnis und gleichzeitig f\u00fcr hervorragende Stabilit\u00e4t und Kontrolle. Zertifiziert f\u00fcr Sicherheit und Qualit\u00e4t, wurde die CA 550 so gebaut, dass sie den Anforderungen verschiedener Wasseraktivit\u00e4ten gerecht wird und somit eine zuverl\u00e4ssige und vielseitige Wahl f\u00fcr Abenteuer auf dem Wasser darstellt.\t\t\t\t\t\t\t\t<\/div>\n\t\t\t\t<\/div>\n\t\t\t\t\t<\/div>\n\t\t<\/div>\n\t\t\t\t\t<\/div>\n\t\t<\/section>\n\t\t\t\t<section class=\"elementor-section elementor-top-section elementor-element elementor-element-86bec41 elementor-section-boxed elementor-section-height-default elementor-section-height-default\" data-id=\"86bec41\" data-element_type=\"section\">\n\t\t\t\t\t\t<div class=\"elementor-container elementor-column-gap-default\">\n\t\t\t\t\t<div class=\"elementor-column elementor-col-100 elementor-top-column elementor-element elementor-element-b60e5e7\" data-id=\"b60e5e7\" data-element_type=\"column\">\n\t\t\t<div class=\"elementor-widget-wrap elementor-element-populated\">\n\t\t\t\t\t\t<div class=\"elementor-element elementor-element-a877753 elementor-invisible elementor-widget elementor-widget-heading\" data-id=\"a877753\" data-element_type=\"widget\" data-settings=\"{&quot;_animation&quot;:&quot;fadeIn&quot;}\" data-widget_type=\"heading.default\">\n\t\t\t\t<div class=\"elementor-widget-container\">\n\t\t\t\t\t<h2 class=\"elementor-heading-title elementor-size-default\">CA 550<\/h2>\t\t\t\t<\/div>\n\t\t\t\t<\/div>\n\t\t\t\t<div class=\"elementor-element elementor-element-5cfaf28 elementor-widget elementor-widget-image\" data-id=\"5cfaf28\" data-element_type=\"widget\" data-widget_type=\"image.default\">\n\t\t\t\t<div class=\"elementor-widget-container\">\n\t\t\t\t\t\t\t\t\t\t\t\t\t\t\t<img decoding=\"async\" width=\"800\" height=\"289\" src=\"http:\/\/speedcraft-marine.de\/wp-content\/uploads\/2025\/01\/ca550.jpg\" class=\"attachment-large size-large wp-image-535\" alt=\"\" srcset=\"http:\/\/speedcraft-marine.de\/wp-content\/uploads\/2025\/01\/ca550.jpg 835w, http:\/\/speedcraft-marine.de\/wp-content\/uploads\/2025\/01\/ca550-300x109.jpg 300w, http:\/\/speedcraft-marine.de\/wp-content\/uploads\/2025\/01\/ca550-768x278.jpg 768w\" sizes=\"(max-width: 800px) 100vw, 800px\" \/>\t\t\t\t\t\t\t\t\t\t\t\t\t\t\t<\/div>\n\t\t\t\t<\/div>\n\t\t\t\t\t<\/div>\n\t\t<\/div>\n\t\t\t\t\t<\/div>\n\t\t<\/section>\n\t\t\t\t<section class=\"elementor-section elementor-top-section elementor-element elementor-element-6cf880a elementor-section-boxed elementor-section-height-default elementor-section-height-default\" data-id=\"6cf880a\" data-element_type=\"section\">\n\t\t\t\t\t\t<div class=\"elementor-container elementor-column-gap-default\">\n\t\t\t\t\t<div class=\"elementor-column elementor-col-100 elementor-top-column elementor-element elementor-element-f675e74\" data-id=\"f675e74\" data-element_type=\"column\">\n\t\t\t<div class=\"elementor-widget-wrap elementor-element-populated\">\n\t\t\t\t\t\t<div class=\"elementor-element elementor-element-943cf01 elementor-widget elementor-widget-image\" data-id=\"943cf01\" data-element_type=\"widget\" data-widget_type=\"image.default\">\n\t\t\t\t<div class=\"elementor-widget-container\">\n\t\t\t\t\t\t\t\t\t\t\t\t\t\t\t<img decoding=\"async\" width=\"796\" height=\"118\" src=\"http:\/\/speedcraft-marine.de\/wp-content\/uploads\/2025\/01\/ca550_colors.jpg\" class=\"attachment-large size-large wp-image-534\" alt=\"\" srcset=\"http:\/\/speedcraft-marine.de\/wp-content\/uploads\/2025\/01\/ca550_colors.jpg 796w, http:\/\/speedcraft-marine.de\/wp-content\/uploads\/2025\/01\/ca550_colors-300x44.jpg 300w, http:\/\/speedcraft-marine.de\/wp-content\/uploads\/2025\/01\/ca550_colors-768x114.jpg 768w\" sizes=\"(max-width: 796px) 100vw, 796px\" \/>\t\t\t\t\t\t\t\t\t\t\t\t\t\t\t<\/div>\n\t\t\t\t<\/div>\n\t\t\t\t\t<\/div>\n\t\t<\/div>\n\t\t\t\t\t<\/div>\n\t\t<\/section>\n\t\t\t\t<section class=\"elementor-section elementor-top-section elementor-element elementor-element-08ed9c6 elementor-section-boxed elementor-section-height-default elementor-section-height-default\" data-id=\"08ed9c6\" data-element_type=\"section\">\n\t\t\t\t\t\t<div class=\"elementor-container elementor-column-gap-default\">\n\t\t\t\t\t<div class=\"elementor-column elementor-col-100 elementor-top-column elementor-element elementor-element-56e528c\" data-id=\"56e528c\" data-element_type=\"column\">\n\t\t\t<div class=\"elementor-widget-wrap elementor-element-populated\">\n\t\t\t\t\t\t<div class=\"elementor-element elementor-element-055552b elementor-widget elementor-widget-elementskit-tablepress\" data-id=\"055552b\" data-element_type=\"widget\" data-widget_type=\"elementskit-tablepress.default\">\n\t\t\t\t<div class=\"elementor-widget-container\">\n\t\t\t\t\t<div class=\"elemenetskit-tablepress ekit-wid-con\" id=\"ekit_tablepress_055552b\">\n<table id=\"tablepress-9\" class=\"tablepress tablepress-id-9\">\n<thead>\n<tr class=\"row-1\">\n\t<th class=\"column-1\">Modell<\/th><th class=\"column-2\"><strong>CA 500<\/strong><\/th>\n<\/tr>\n<\/thead>\n<tbody class=\"row-striping row-hover\">\n<tr class=\"row-2\">\n\t<td class=\"column-1\">L\u00e4nge<\/td><td class=\"column-2\">5.80 m<\/td>\n<\/tr>\n<tr class=\"row-3\">\n\t<td class=\"column-1\">Width<\/td><td class=\"column-2\">2.20 m<\/td>\n<\/tr>\n<tr class=\"row-4\">\n\t<td class=\"column-1\">Motor<\/td><td class=\"column-2\">150 hp<\/td>\n<\/tr>\n<tr class=\"row-5\">\n\t<td class=\"column-1\">Passagiere<\/td><td class=\"column-2\">6<\/td>\n<\/tr>\n<tr class=\"row-6\">\n\t<td class=\"column-1\">Geschwindigkeit<\/td><td class=\"column-2\">35 kn<\/td>\n<\/tr>\n<tr class=\"row-7\">\n\t<td class=\"column-1\">Zertifikat<\/td><td class=\"column-2\">CE<\/td>\n<\/tr>\n<\/tbody>\n<\/table>\n<!-- #tablepress-9 from cache --><\/div>\t\t\t\t<\/div>\n\t\t\t\t<\/div>\n\t\t\t\t\t<\/div>\n\t\t<\/div>\n\t\t\t\t\t<\/div>\n\t\t<\/section>\n\t\t\t\t<\/div>","protected":false},"excerpt":{"rendered":"<p>The CA 550 is a dynamic and stylish boat designed for those seeking both speed and comfort. Its compact yet spacious design offers ample room for up to six passengers, making it ideal for group outings or leisurely cruises. Powered by a robust engine, the CA 550 delivers impressive performance, allowing for quick and exhilarating [&hellip;]<\/p>","protected":false},"author":1,"featured_media":0,"parent":0,"menu_order":0,"comment_status":"closed","ping_status":"closed","template":"","meta":{"footnotes":""},"class_list":["post-398","page","type-page","status-publish","hentry"],"_links":{"self":[{"href":"http:\/\/speedcraft-marine.de\/de\/wp-json\/wp\/v2\/pages\/398","targetHints":{"allow":["GET"]}}],"collection":[{"href":"http:\/\/speedcraft-marine.de\/de\/wp-json\/wp\/v2\/pages"}],"about":[{"href":"http:\/\/speedcraft-marine.de\/de\/wp-json\/wp\/v2\/types\/page"}],"author":[{"embeddable":true,"href":"http:\/\/speedcraft-marine.de\/de\/wp-json\/wp\/v2\/users\/1"}],"replies":[{"embeddable":true,"href":"http:\/\/speedcraft-marine.de\/de\/wp-json\/wp\/v2\/comments?post=398"}],"version-history":[{"count":13,"href":"http:\/\/speedcraft-marine.de\/de\/wp-json\/wp\/v2\/pages\/398\/revisions"}],"predecessor-version":[{"id":824,"href":"http:\/\/speedcraft-marine.de\/de\/wp-json\/wp\/v2\/pages\/398\/revisions\/824"}],"wp:attachment":[{"href":"http:\/\/speedcraft-marine.de\/de\/wp-json\/wp\/v2\/media?parent=398"}],"curies":[{"name":"wp","href":"https:\/\/api.w.org\/{rel}","templated":true}]}}