{"id":403,"date":"2025-01-16T10:25:28","date_gmt":"2025-01-16T10:25:28","guid":{"rendered":"http:\/\/speedcraft-marine.de\/?page_id=403"},"modified":"2025-02-12T18:55:53","modified_gmt":"2025-02-12T18:55:53","slug":"qx-500","status":"publish","type":"page","link":"http:\/\/speedcraft-marine.de\/de\/qx-500\/","title":{"rendered":"QX 500"},"content":{"rendered":"<div data-elementor-type=\"wp-page\" data-elementor-id=\"403\" class=\"elementor elementor-403\" data-elementor-post-type=\"page\">\n\t\t\t\t\t\t<section class=\"elementor-section elementor-top-section elementor-element elementor-element-b870015 elementor-section-height-min-height elementor-section-boxed elementor-section-height-default elementor-section-items-middle\" data-id=\"b870015\" data-element_type=\"section\" data-settings=\"{&quot;background_background&quot;:&quot;classic&quot;}\">\n\t\t\t\t\t\t\t<div class=\"elementor-background-overlay\"><\/div>\n\t\t\t\t\t\t\t<div class=\"elementor-container elementor-column-gap-default\">\n\t\t\t\t\t<div class=\"elementor-column elementor-col-100 elementor-top-column elementor-element elementor-element-d3cb20a\" data-id=\"d3cb20a\" data-element_type=\"column\">\n\t\t\t<div class=\"elementor-widget-wrap elementor-element-populated\">\n\t\t\t\t\t\t<div class=\"elementor-element elementor-element-9ff19de elementor-invisible elementor-widget elementor-widget-heading\" data-id=\"9ff19de\" data-element_type=\"widget\" data-settings=\"{&quot;_animation&quot;:&quot;fadeIn&quot;}\" data-widget_type=\"heading.default\">\n\t\t\t\t<div class=\"elementor-widget-container\">\n\t\t\t\t\t<h2 class=\"elementor-heading-title elementor-size-default\">QX 500<\/h2>\t\t\t\t<\/div>\n\t\t\t\t<\/div>\n\t\t\t\t\t<\/div>\n\t\t<\/div>\n\t\t\t\t\t<\/div>\n\t\t<\/section>\n\t\t\t\t<section class=\"elementor-section elementor-top-section elementor-element elementor-element-428167c elementor-section-boxed elementor-section-height-default elementor-section-height-default\" data-id=\"428167c\" data-element_type=\"section\">\n\t\t\t\t\t\t<div class=\"elementor-container elementor-column-gap-default\">\n\t\t\t\t\t<div class=\"elementor-column elementor-col-50 elementor-top-column elementor-element elementor-element-ca76711\" data-id=\"ca76711\" data-element_type=\"column\">\n\t\t\t<div class=\"elementor-widget-wrap elementor-element-populated\">\n\t\t\t\t\t\t<div class=\"elementor-element elementor-element-749528e elementor-widget elementor-widget-image\" data-id=\"749528e\" data-element_type=\"widget\" data-widget_type=\"image.default\">\n\t\t\t\t<div class=\"elementor-widget-container\">\n\t\t\t\t\t\t\t\t\t\t\t\t\t\t\t<img fetchpriority=\"high\" decoding=\"async\" width=\"800\" height=\"488\" src=\"http:\/\/speedcraft-marine.de\/wp-content\/uploads\/2025\/01\/qx-500-1.jpg\" class=\"attachment-large size-large wp-image-267\" alt=\"\" srcset=\"http:\/\/speedcraft-marine.de\/wp-content\/uploads\/2025\/01\/qx-500-1.jpg 915w, http:\/\/speedcraft-marine.de\/wp-content\/uploads\/2025\/01\/qx-500-1-300x183.jpg 300w, http:\/\/speedcraft-marine.de\/wp-content\/uploads\/2025\/01\/qx-500-1-768x468.jpg 768w\" sizes=\"(max-width: 800px) 100vw, 800px\" \/>\t\t\t\t\t\t\t\t\t\t\t\t\t\t\t<\/div>\n\t\t\t\t<\/div>\n\t\t\t\t\t<\/div>\n\t\t<\/div>\n\t\t\t\t<div class=\"elementor-column elementor-col-50 elementor-top-column elementor-element elementor-element-15fc739\" data-id=\"15fc739\" data-element_type=\"column\">\n\t\t\t<div class=\"elementor-widget-wrap elementor-element-populated\">\n\t\t\t\t\t\t<div class=\"elementor-element elementor-element-1de944e elementor-invisible elementor-widget elementor-widget-text-editor\" data-id=\"1de944e\" data-element_type=\"widget\" data-settings=\"{&quot;_animation&quot;:&quot;fadeIn&quot;,&quot;_animation_delay&quot;:400}\" data-widget_type=\"text-editor.default\">\n\t\t\t\t<div class=\"elementor-widget-container\">\n\t\t\t\t\t\t\t\t\tDie QX 500-Serie wurde entwickelt, um eine optimale Balance zwischen Leistung und Vielseitigkeit zu bieten, und eignet sich sowohl f\u00fcr Freizeit- als auch praktische Anwendungen. Ihr kompaktes Design bietet ausreichend Platz f\u00fcr bis zu f\u00fcnf Passagiere und ist somit die ideale Wahl f\u00fcr kleine Gruppen oder Alleinabenteurer. Angetrieben von einem zuverl\u00e4ssigen Motor liefert die QX 500-Serie eine gleichm\u00e4\u00dfige und effiziente Leistung, die f\u00fcr eine ruhige Fahrt bei unterschiedlichen Geschwindigkeiten sorgt. Entwickelt f\u00fcr Stabilit\u00e4t und einfache Handhabung, eignet sich das Boot f\u00fcr eine Vielzahl von Wasseraktivit\u00e4ten, von entspannten Kreuzfahrten bis hin zu lebhaften Ausfl\u00fcgen. Mit ihrer CE-Zertifizierung erf\u00fcllt die QX 500-Serie hohe Sicherheits- und Qualit\u00e4tsstandards und garantiert eine zuverl\u00e4ssige Leistung unter verschiedenen Bedingungen.\t\t\t\t\t\t\t\t<\/div>\n\t\t\t\t<\/div>\n\t\t\t\t\t<\/div>\n\t\t<\/div>\n\t\t\t\t\t<\/div>\n\t\t<\/section>\n\t\t\t\t<section class=\"elementor-section elementor-top-section elementor-element elementor-element-a10b642 elementor-section-boxed elementor-section-height-default elementor-section-height-default\" data-id=\"a10b642\" data-element_type=\"section\">\n\t\t\t\t\t\t<div class=\"elementor-container elementor-column-gap-default\">\n\t\t\t\t\t<div class=\"elementor-column elementor-col-50 elementor-top-column elementor-element elementor-element-cd08842\" data-id=\"cd08842\" data-element_type=\"column\">\n\t\t\t<div class=\"elementor-widget-wrap elementor-element-populated\">\n\t\t\t\t\t\t<div class=\"elementor-element elementor-element-0f04c4c elementor-invisible elementor-widget elementor-widget-heading\" data-id=\"0f04c4c\" data-element_type=\"widget\" data-settings=\"{&quot;_animation&quot;:&quot;fadeIn&quot;}\" data-widget_type=\"heading.default\">\n\t\t\t\t<div class=\"elementor-widget-container\">\n\t\t\t\t\t<h2 class=\"elementor-heading-title elementor-size-default\">QX 500C<\/h2>\t\t\t\t<\/div>\n\t\t\t\t<\/div>\n\t\t\t\t<div class=\"elementor-element elementor-element-b94d52f elementor-widget elementor-widget-image\" data-id=\"b94d52f\" data-element_type=\"widget\" data-widget_type=\"image.default\">\n\t\t\t\t<div class=\"elementor-widget-container\">\n\t\t\t\t\t\t\t\t\t\t\t\t\t\t\t<img decoding=\"async\" width=\"353\" height=\"283\" src=\"http:\/\/speedcraft-marine.de\/wp-content\/uploads\/2025\/01\/qx500c.jpg\" class=\"attachment-large size-large wp-image-541\" alt=\"\" srcset=\"http:\/\/speedcraft-marine.de\/wp-content\/uploads\/2025\/01\/qx500c.jpg 353w, http:\/\/speedcraft-marine.de\/wp-content\/uploads\/2025\/01\/qx500c-300x241.jpg 300w\" sizes=\"(max-width: 353px) 100vw, 353px\" \/>\t\t\t\t\t\t\t\t\t\t\t\t\t\t\t<\/div>\n\t\t\t\t<\/div>\n\t\t\t\t\t<\/div>\n\t\t<\/div>\n\t\t\t\t<div class=\"elementor-column elementor-col-50 elementor-top-column elementor-element elementor-element-b5f2880\" data-id=\"b5f2880\" data-element_type=\"column\">\n\t\t\t<div class=\"elementor-widget-wrap elementor-element-populated\">\n\t\t\t\t\t\t<div class=\"elementor-element elementor-element-b6a01b7 elementor-invisible elementor-widget elementor-widget-heading\" data-id=\"b6a01b7\" data-element_type=\"widget\" data-settings=\"{&quot;_animation&quot;:&quot;fadeIn&quot;}\" data-widget_type=\"heading.default\">\n\t\t\t\t<div class=\"elementor-widget-container\">\n\t\t\t\t\t<h2 class=\"elementor-heading-title elementor-size-default\">QX 500Z<\/h2>\t\t\t\t<\/div>\n\t\t\t\t<\/div>\n\t\t\t\t<div class=\"elementor-element elementor-element-5fc12eb elementor-widget elementor-widget-image\" data-id=\"5fc12eb\" data-element_type=\"widget\" data-widget_type=\"image.default\">\n\t\t\t\t<div class=\"elementor-widget-container\">\n\t\t\t\t\t\t\t\t\t\t\t\t\t\t\t<img decoding=\"async\" width=\"353\" height=\"283\" src=\"http:\/\/speedcraft-marine.de\/wp-content\/uploads\/2025\/01\/qx500z.jpg\" class=\"attachment-large size-large wp-image-540\" alt=\"\" srcset=\"http:\/\/speedcraft-marine.de\/wp-content\/uploads\/2025\/01\/qx500z.jpg 353w, http:\/\/speedcraft-marine.de\/wp-content\/uploads\/2025\/01\/qx500z-300x241.jpg 300w\" sizes=\"(max-width: 353px) 100vw, 353px\" \/>\t\t\t\t\t\t\t\t\t\t\t\t\t\t\t<\/div>\n\t\t\t\t<\/div>\n\t\t\t\t\t<\/div>\n\t\t<\/div>\n\t\t\t\t\t<\/div>\n\t\t<\/section>\n\t\t\t\t<section class=\"elementor-section elementor-top-section elementor-element elementor-element-e8fef87 elementor-section-boxed elementor-section-height-default elementor-section-height-default\" data-id=\"e8fef87\" data-element_type=\"section\">\n\t\t\t\t\t\t<div class=\"elementor-container elementor-column-gap-default\">\n\t\t\t\t\t<div class=\"elementor-column elementor-col-100 elementor-top-column elementor-element elementor-element-279857e\" data-id=\"279857e\" data-element_type=\"column\">\n\t\t\t<div class=\"elementor-widget-wrap elementor-element-populated\">\n\t\t\t\t\t\t<div class=\"elementor-element elementor-element-ba259ce elementor-widget elementor-widget-image\" data-id=\"ba259ce\" data-element_type=\"widget\" data-widget_type=\"image.default\">\n\t\t\t\t<div class=\"elementor-widget-container\">\n\t\t\t\t\t\t\t\t\t\t\t\t\t\t\t<img loading=\"lazy\" decoding=\"async\" width=\"794\" height=\"123\" src=\"http:\/\/speedcraft-marine.de\/wp-content\/uploads\/2025\/01\/qx500_colors.jpg\" class=\"attachment-large size-large wp-image-539\" alt=\"\" srcset=\"http:\/\/speedcraft-marine.de\/wp-content\/uploads\/2025\/01\/qx500_colors.jpg 794w, http:\/\/speedcraft-marine.de\/wp-content\/uploads\/2025\/01\/qx500_colors-300x46.jpg 300w, http:\/\/speedcraft-marine.de\/wp-content\/uploads\/2025\/01\/qx500_colors-768x119.jpg 768w\" sizes=\"(max-width: 794px) 100vw, 794px\" \/>\t\t\t\t\t\t\t\t\t\t\t\t\t\t\t<\/div>\n\t\t\t\t<\/div>\n\t\t\t\t\t<\/div>\n\t\t<\/div>\n\t\t\t\t\t<\/div>\n\t\t<\/section>\n\t\t\t\t<section class=\"elementor-section elementor-top-section elementor-element elementor-element-af2435a elementor-section-boxed elementor-section-height-default elementor-section-height-default\" data-id=\"af2435a\" data-element_type=\"section\">\n\t\t\t\t\t\t<div class=\"elementor-container elementor-column-gap-default\">\n\t\t\t\t\t<div class=\"elementor-column elementor-col-100 elementor-top-column elementor-element elementor-element-b988eba\" data-id=\"b988eba\" data-element_type=\"column\">\n\t\t\t<div class=\"elementor-widget-wrap elementor-element-populated\">\n\t\t\t\t\t\t<div class=\"elementor-element elementor-element-173c6a0 elementor-widget elementor-widget-elementskit-tablepress\" data-id=\"173c6a0\" data-element_type=\"widget\" data-widget_type=\"elementskit-tablepress.default\">\n\t\t\t\t<div class=\"elementor-widget-container\">\n\t\t\t\t\t<div class=\"elemenetskit-tablepress ekit-wid-con\" id=\"ekit_tablepress_173c6a0\">\n<table id=\"tablepress-10\" class=\"tablepress tablepress-id-10\">\n<thead>\n<tr class=\"row-1\">\n\t<th class=\"column-1\">Modell<\/th><th class=\"column-2\"><strong>QX 500C<\/strong><\/th><th class=\"column-3\"><strong>QX 500Z<\/strong><\/th>\n<\/tr>\n<\/thead>\n<tbody class=\"row-striping row-hover\">\n<tr class=\"row-2\">\n\t<td class=\"column-1\">L\u00e4nge<\/td><td class=\"column-2\">5.20 m<\/td><td class=\"column-3\">5.20 m<\/td>\n<\/tr>\n<tr class=\"row-3\">\n\t<td class=\"column-1\">Width<\/td><td class=\"column-2\">2.20 m<\/td><td class=\"column-3\">2.20 m<\/td>\n<\/tr>\n<tr class=\"row-4\">\n\t<td class=\"column-1\">Vollbeladene Verdr\u00e4ngung<\/td><td class=\"column-2\">1.18 t<\/td><td class=\"column-3\">1.18 t<\/td>\n<\/tr>\n<tr class=\"row-5\">\n\t<td class=\"column-1\">Motor<\/td><td class=\"column-2\">60-90 hp<\/td><td class=\"column-3\">60-90 hp<\/td>\n<\/tr>\n<tr class=\"row-6\">\n\t<td class=\"column-1\">Passagiere<\/td><td class=\"column-2\">5<\/td><td class=\"column-3\">5<\/td>\n<\/tr>\n<tr class=\"row-7\">\n\t<td class=\"column-1\">Geschwindigkeit<\/td><td class=\"column-2\">20-30 kn<\/td><td class=\"column-3\">20-30 kn<\/td>\n<\/tr>\n<tr class=\"row-8\">\n\t<td class=\"column-1\">Zertifikat<\/td><td class=\"column-2\">CE<\/td><td class=\"column-3\">CE<\/td>\n<\/tr>\n<\/tbody>\n<\/table>\n<!-- #tablepress-10 from cache --><\/div>\t\t\t\t<\/div>\n\t\t\t\t<\/div>\n\t\t\t\t\t<\/div>\n\t\t<\/div>\n\t\t\t\t\t<\/div>\n\t\t<\/section>\n\t\t\t\t<\/div>","protected":false},"excerpt":{"rendered":"<p>The QX 500 series is crafted to provide an optimal balance of performance and versatility, perfect for both recreational and practical uses. Its compact design offers ample space for up to five passengers, making it an ideal choice for small groups or solo adventurers. Powered by a reliable engine, the QX 500 series delivers steady [&hellip;]<\/p>","protected":false},"author":1,"featured_media":0,"parent":0,"menu_order":0,"comment_status":"closed","ping_status":"closed","template":"","meta":{"footnotes":""},"class_list":["post-403","page","type-page","status-publish","hentry"],"_links":{"self":[{"href":"http:\/\/speedcraft-marine.de\/de\/wp-json\/wp\/v2\/pages\/403","targetHints":{"allow":["GET"]}}],"collection":[{"href":"http:\/\/speedcraft-marine.de\/de\/wp-json\/wp\/v2\/pages"}],"about":[{"href":"http:\/\/speedcraft-marine.de\/de\/wp-json\/wp\/v2\/types\/page"}],"author":[{"embeddable":true,"href":"http:\/\/speedcraft-marine.de\/de\/wp-json\/wp\/v2\/users\/1"}],"replies":[{"embeddable":true,"href":"http:\/\/speedcraft-marine.de\/de\/wp-json\/wp\/v2\/comments?post=403"}],"version-history":[{"count":13,"href":"http:\/\/speedcraft-marine.de\/de\/wp-json\/wp\/v2\/pages\/403\/revisions"}],"predecessor-version":[{"id":827,"href":"http:\/\/speedcraft-marine.de\/de\/wp-json\/wp\/v2\/pages\/403\/revisions\/827"}],"wp:attachment":[{"href":"http:\/\/speedcraft-marine.de\/de\/wp-json\/wp\/v2\/media?parent=403"}],"curies":[{"name":"wp","href":"https:\/\/api.w.org\/{rel}","templated":true}]}}